{"id":1838,"date":"2016-04-28T14:57:22","date_gmt":"2016-04-28T13:57:22","guid":{"rendered":"https:\/\/ontwerpenzotest.nl\/de\/?page_id=1838"},"modified":"2019-02-22T08:46:15","modified_gmt":"2019-02-22T07:46:15","slug":"home","status":"publish","type":"page","link":"https:\/\/ontwerpenzotest.nl\/de\/","title":{"rendered":"Home"},"content":{"rendered":"<p>[et_pb_section][et_pb_row][et_pb_column type=&#8220;4_4&#8243;][et_pb_slider admin_label=&#8220;Slider&#8220; show_arrows=&#8220;on&#8220; show_pagination=&#8220;on&#8220; auto=&#8220;on&#8220; parallax=&#8220;off&#8220; parallax_method=&#8220;off&#8220; auto_speed=&#8220;6000&#8243;][et_pb_slide heading=&#8220;VTS   Betriebs Info und Katalog&#8220; button_text=&#8220;PDF Katalog&#8220; button_link=&#8220;http:\/\/ontwerpenzotest.nl\/wp-content\/uploads\/2019\/02\/VTSfolder-A4-NL.pdf&#8220; background_color=&#8220;#24448d&#8220; alignment=&#8220;center&#8220; background_layout=&#8220;dark&#8220; image=&#8220;http:\/\/ontwerpenzotest.nl\/wp-content\/uploads\/2016\/03\/VTSfolder-A4-e1459424568230.jpg&#8220; \/][et_pb_slide button_text=&#8220;Weitere Informationen&#8220; background_color=&#8220;#02448d&#8220; image=&#8220;http:\/\/ontwerpenzotest.nl\/wp-content\/uploads\/2014\/09\/VR000-500-00G-1.jpg&#8220; alignment=&#8220;center&#8220; background_layout=&#8220;dark&#8220; heading=&#8220;W\u00e4schecontainer Typ STAR&#8220; button_link=&#8220;https:\/\/ontwerpenzotest.nl\/?product=wascontainer-type-ster&#8220;]<\/p>\n<ul>\n<li>Feinmaschige W\u00e4nde<\/li>\n<li>Ausgestattet mit fester Kleiderstange<\/li>\n<li>Seitenw\u00e4nde mit zus\u00e4tzlicher vertikaler Verstrebung gefertigt<\/li>\n<\/ul>\n<p>[\/et_pb_slide][et_pb_slide heading=&#8220;W\u00e4scherei Container Typ Basic&#8220; button_text=&#8220;Meer informatie&#8220; button_link=&#8220;https:\/\/ontwerpenzotest.nl\/product\/wascontainer-type-basic\/&#8220; background_color=&#8220;#02448d&#8220; image=&#8220;http:\/\/ontwerpenzotest.nl\/wp-content\/uploads\/2014\/09\/VR000-101-00G.jpg&#8220; alignment=&#8220;center&#8220; background_layout=&#8220;dark&#8220;]<\/p>\n<ul>\n<li>Drei Seitiger W\u00e4schecontainer<\/li>\n<\/ul>\n<p>[\/et_pb_slide][et_pb_slide heading=&#8220;W\u00e4schesammler Edelstahl&#8220; background_color=&#8220;#02448d&#8220; image=&#8220;http:\/\/ontwerpenzotest.nl\/wp-content\/uploads\/2014\/09\/Heavy-Duty-Line_AXLBC4_14_1-e1452774399244.jpg&#8220; alignment=&#8220;center&#8220; background_layout=&#8220;dark&#8220; button_text=&#8220;Weitere Informationen&#8220; button_link=&#8220;https:\/\/ontwerpenzotest.nl\/product\/wasverzamelaar-in-rvs-uitvoering-type-axlbc\/&#8220;]W\u00e4schesammler Edelstahl mit 4 Ringen[\/et_pb_slide][et_pb_slide heading=&#8220;Sortierwagen&#8220; background_color=&#8220;#02448d&#8220; alignment=&#8220;center&#8220; background_layout=&#8220;dark&#8220; image=&#8220;http:\/\/ontwerpenzotest.nl\/wp-content\/uploads\/2015\/02\/sorteerwagen.jpg&#8220; button_text=&#8220;Weitere Informationen&#8220; button_link=&#8220;https:\/\/ontwerpenzotest.nl\/product\/vaksorteerwagens\/&#8220;]Der Sortierwagen, oder auch personengebundener G\u00fcterwagen genannt, kann auf jede willk\u00fcrliche Art nach Ihren eigenen W\u00fcnschen eingeteilt werden. Alle denkbaren H\u00f6hen, Tiefen und Facheinteilungen sind m\u00f6glich.[\/et_pb_slide][et_pb_slide heading=&#8220;Kombiwagen mit W\u00e4schesackhalterung&#8220; background_color=&#8220;#02448d&#8220; alignment=&#8220;center&#8220; background_layout=&#8220;dark&#8220; image=&#8220;http:\/\/ontwerpenzotest.nl\/wp-content\/uploads\/2014\/09\/VC251DR-LGH3L.jpg&#8220; button_text=&#8220;Weitere Informationen&#8220; button_link=&#8220;https:\/\/ontwerpenzotest.nl\/product\/combiwagens-in-wood-line-uitvoeringen\/&#8220;]Entworfen zum Bettw\u00e4schetausch, geeignet f\u00fcr alle Krankenhausabteilungen.[\/et_pb_slide][\/et_pb_slider][\/et_pb_column][\/et_pb_row][et_pb_row][et_pb_column type=&#8220;1_3&#8243;][et_pb_blurb admin_label=&#8220;Rolcontainers&#8220; title=&#8220;Rollcontainer&#8220; url_new_window=&#8220;off&#8220; use_icon=&#8220;off&#8220; icon_color=&#8220;#2EA3F2&#8243; use_circle=&#8220;off&#8220; circle_color=&#8220;#2EA3F2&#8243; use_circle_border=&#8220;off&#8220; circle_border_color=&#8220;#2EA3F2&#8243; image=&#8220;http:\/\/ontwerpenzotest.nl\/wp-content\/uploads\/2014\/09\/VR000-500-00G-e1455798851217.jpg&#8220; icon_placement=&#8220;top&#8220; animation=&#8220;off&#8220; background_layout=&#8220;light&#8220; text_orientation=&#8220;center&#8220; url=&#8220;https:\/\/ontwerpenzotest.nl\/?product_cat=rolcontainers&#8220;]&nbsp;<\/p>\n<p>Die Rollcontainer werden aus rechteckigen Rohren 20&#215;20 mm und mit Schraubverbindungen zusammengesetzt. Diese Kombination ergibt eine sehr stabile Konstruktion, wodurch eine lange Lebensdauer gew\u00e4hrt ist. <\/p>\n<p>&nbsp;[\/et_pb_blurb][\/et_pb_column][et_pb_column type=&#8220;1_3&#8243;][et_pb_blurb admin_label=&#8220;Transportsystemen&#8220; title=&#8220;Transportsysteme&#8220; url_new_window=&#8220;off&#8220; use_icon=&#8220;off&#8220; icon_color=&#8220;#2EA3F2&#8243; use_circle=&#8220;off&#8220; circle_color=&#8220;#2EA3F2&#8243; use_circle_border=&#8220;off&#8220; circle_border_color=&#8220;#2EA3F2&#8243; image=&#8220;http:\/\/ontwerpenzotest.nl\/wp-content\/uploads\/2014\/09\/251tx_p.png&#8220; icon_placement=&#8220;top&#8220; animation=&#8220;off&#8220; background_layout=&#8220;light&#8220; text_orientation=&#8220;center&#8220; url=&#8220;https:\/\/ontwerpenzotest.nl\/?product_cat=transportsystemen&#8220;]Neben Rollcontainern kann VTS B.V. auch Ihren Bedarf an anderem Transportmaterial decken.[\/et_pb_blurb][\/et_pb_column][et_pb_column type=&#8220;1_3&#8243;][et_pb_blurb admin_label=&#8220;Specials&#8220; title=&#8220;Specials&#8220; url_new_window=&#8220;off&#8220; use_icon=&#8220;off&#8220; icon_color=&#8220;#2EA3F2&#8243; use_circle=&#8220;off&#8220; circle_color=&#8220;#2EA3F2&#8243; use_circle_border=&#8220;off&#8220; circle_border_color=&#8220;#2EA3F2&#8243; image=&#8220;http:\/\/ontwerpenzotest.nl\/wp-content\/uploads\/2014\/09\/VR219-250-00G1.jpg&#8220; icon_placement=&#8220;top&#8220; animation=&#8220;off&#8220; background_layout=&#8220;light&#8220; text_orientation=&#8220;center&#8220; url=&#8220;https:\/\/ontwerpenzotest.nl\/?product_cat=specials&#8220;]Unsere eigene Modellherstellung erm\u00f6glicht es, spezifische Produkte und wettbewerbsf\u00e4hige Produkte zu entwickeln. Als Erg\u00e4nzung zu unseren standardm\u00e4\u00dfigen Produkten sind die nach Ma\u00df gefertigten Produkte einige Ziele von VTS B.V.[\/et_pb_blurb][\/et_pb_column][\/et_pb_row][et_pb_row][et_pb_column type=&#8220;4_4&#8243;][et_pb_divider admin_label=&#8220;Divider&#8220; color=&#8220;#e0e0e0&#8243; show_divider=&#8220;on&#8220; height=&#8220;10&#8243; \/][\/et_pb_column][\/et_pb_row][et_pb_row][et_pb_column type=&#8220;2_3&#8243;][et_pb_text admin_label=&#8220;Text&#8220; background_layout=&#8220;light&#8220; text_orientation=&#8220;left&#8220;]&nbsp;<\/p>\n<p>VTS Transportsysteme aus Almelo ist ein dynamischer, kundenorientierter Betrieb, der sich vor allem in der Produktion und Entwicklung von verschiedenen (internen) Transportmitteln spezialisiert hat. Die Rollcontainer f\u00fcr W\u00e4schereien ist eines unserer Fachgebiete, die wir weltweit liefern. Wir verf\u00fcgen \u00fcber einen eigenen Produktionsstandort, eine eigene Modell- und Ger\u00e4teherstellung mit Fachleuten, die wissen, was sie tun. <\/p>\n<p>Das alles bietet die M\u00f6glichkeit und Flexibilit\u00e4t, nicht nur Standardprodukte aus dem eigenen Vorrat zu liefern, sondern auch kundenspezifische Produkte zu produzieren. Bei all dem steht an erster Stelle, die W\u00fcnsche unserer Kunden so gut wie m\u00f6glich in Facharbeit zu \u00fcbersetzen. Unsere Seite vermittelt nur einen Eindruck unseres Sortiments. Um sich ein genaues Bild zu machen, k\u00f6nnen Sie sich unser sehr ausf\u00fchrliches Programm im Katalog ansehen, den wir Ihnen zusenden k\u00f6nnen. Nat\u00fcrlich k\u00f6nnen Sie auch freibleibend einen Termin mit einem unserer Berater machen. M\u00f6chten Sie mehr wissen? Wir sind gerne dazu bereit, Ihnen n\u00e4here Informationen zukommen zu lassen. <\/p>\n<p>&nbsp;[\/et_pb_text][\/et_pb_column][et_pb_column type=&#8220;1_3&#8243;][et_pb_cta admin_label=&#8220;Call To Action&#8220; title=&#8220;Contact&#8220; button_text=&#8220;Kontakt&#8220; use_background_color=&#8220;on&#8220; background_color=&#8220;#02448d&#8220; background_layout=&#8220;dark&#8220; text_orientation=&#8220;center&#8220; button_url=&#8220;https:\/\/ontwerpenzotest.nl\/?page_id=121&#8243;]&nbsp;<\/p>\n<p>Mehr Informationen \u00fcber unsere Rollcontainer?<\/p>\n<p>&nbsp;[\/et_pb_cta][\/et_pb_column][\/et_pb_row][\/et_pb_section]<\/p>\n","protected":false},"excerpt":{"rendered":"<p>[et_pb_section][et_pb_row][et_pb_column type=&#8220;4_4&#8243;][et_pb_slider admin_label=&#8220;Slider&#8220; show_arrows=&#8220;on&#8220; show_pagination=&#8220;on&#8220; auto=&#8220;on&#8220; parallax=&#8220;off&#8220; parallax_method=&#8220;off&#8220; auto_speed=&#8220;6000&#8243;][et_pb_slide heading=&#8220;VTS Betriebs Info und Katalog&#8220; button_text=&#8220;PDF Katalog&#8220; button_link=&#8220;http:\/\/ontwerpenzotest.nl\/wp-content\/uploads\/2019\/02\/VTSfolder-A4-NL.pdf&#8220; background_color=&#8220;#24448d&#8220; alignment=&#8220;center&#8220; background_layout=&#8220;dark&#8220; image=&#8220;http:\/\/ontwerpenzotest.nl\/wp-content\/uploads\/2016\/03\/VTSfolder-A4-e1459424568230.jpg&#8220; \/][et_pb_slide button_text=&#8220;Weitere Informationen&#8220; background_color=&#8220;#02448d&#8220; image=&#8220;http:\/\/ontwerpenzotest.nl\/wp-content\/uploads\/2014\/09\/VR000-500-00G-1.jpg&#8220; alignment=&#8220;center&#8220; background_layout=&#8220;dark&#8220; heading=&#8220;W\u00e4schecontainer Typ STAR&#8220; button_link=&#8220;https:\/\/ontwerpenzotest.nl\/?product=wascontainer-type-ster&#8220;] Feinmaschige W\u00e4nde Ausgestattet mit fester Kleiderstange Seitenw\u00e4nde mit zus\u00e4tzlicher vertikaler Verstrebung gefertigt [\/et_pb_slide][et_pb_slide heading=&#8220;W\u00e4scherei Container Typ Basic&#8220; button_text=&#8220;Meer informatie&#8220; button_link=&#8220;https:\/\/ontwerpenzotest.nl\/product\/wascontainer-type-basic\/&#8220; background_color=&#8220;#02448d&#8220; image=&#8220;http:\/\/ontwerpenzotest.nl\/wp-content\/uploads\/2014\/09\/VR000-101-00G.jpg&#8220; alignment=&#8220;center&#8220; [&hellip;]<\/p>\n","protected":false},"author":5677,"featured_media":0,"parent":0,"menu_order":0,"comment_status":"closed","ping_status":"open","template":"","meta":{"_seopress_robots_primary_cat":"","_seopress_titles_title":"","_seopress_titles_desc":"","_seopress_robots_index":"","footnotes":""},"class_list":["post-1838","page","type-page","status-publish","hentry"],"_links":{"self":[{"href":"https:\/\/ontwerpenzotest.nl\/de\/wp-json\/wp\/v2\/pages\/1838","targetHints":{"allow":["GET"]}}],"collection":[{"href":"https:\/\/ontwerpenzotest.nl\/de\/wp-json\/wp\/v2\/pages"}],"about":[{"href":"https:\/\/ontwerpenzotest.nl\/de\/wp-json\/wp\/v2\/types\/page"}],"author":[{"embeddable":true,"href":"https:\/\/ontwerpenzotest.nl\/de\/wp-json\/wp\/v2\/users\/5677"}],"replies":[{"embeddable":true,"href":"https:\/\/ontwerpenzotest.nl\/de\/wp-json\/wp\/v2\/comments?post=1838"}],"version-history":[{"count":5,"href":"https:\/\/ontwerpenzotest.nl\/de\/wp-json\/wp\/v2\/pages\/1838\/revisions"}],"predecessor-version":[{"id":2302,"href":"https:\/\/ontwerpenzotest.nl\/de\/wp-json\/wp\/v2\/pages\/1838\/revisions\/2302"}],"wp:attachment":[{"href":"https:\/\/ontwerpenzotest.nl\/de\/wp-json\/wp\/v2\/media?parent=1838"}],"curies":[{"name":"wp","href":"https:\/\/api.w.org\/{rel}","templated":true}]}}