{"id":1848,"date":"2016-05-26T12:46:20","date_gmt":"2016-05-26T11:46:20","guid":{"rendered":"https:\/\/ontwerpenzotest.nl\/de\/?page_id=1848"},"modified":"2025-05-12T09:56:37","modified_gmt":"2025-05-12T07:56:37","slug":"disclaimer","status":"publish","type":"page","link":"https:\/\/ontwerpenzotest.nl\/de\/disclaimer\/","title":{"rendered":"Disclaimer"},"content":{"rendered":"\t\t<div data-elementor-type=\"wp-page\" data-elementor-id=\"1848\" class=\"elementor elementor-1848\" data-elementor-post-type=\"page\">\n\t\t\t\t\t\t<section class=\"elementor-section elementor-top-section elementor-element elementor-element-3f722d8 elementor-section-boxed elementor-section-height-default elementor-section-height-default\" data-id=\"3f722d8\" data-element_type=\"section\">\n\t\t\t\t\t\t<div class=\"elementor-container elementor-column-gap-default\">\n\t\t\t\t\t<div class=\"elementor-column elementor-col-100 elementor-top-column elementor-element elementor-element-72e48d2\" data-id=\"72e48d2\" data-element_type=\"column\">\n\t\t\t<div class=\"elementor-widget-wrap elementor-element-populated\">\n\t\t\t\t\t\t<div class=\"elementor-element elementor-element-8803d58 elementor-widget elementor-widget-heading\" data-id=\"8803d58\" data-element_type=\"widget\" data-widget_type=\"heading.default\">\n\t\t\t\t<div class=\"elementor-widget-container\">\n\t\t\t\t\t<h1 class=\"elementor-heading-title elementor-size-default\">Disclaimer<\/h1>\t\t\t\t<\/div>\n\t\t\t\t<\/div>\n\t\t\t\t<div class=\"elementor-element elementor-element-b3d9109 elementor-widget elementor-widget-text-editor\" data-id=\"b3d9109\" data-element_type=\"widget\" data-widget_type=\"text-editor.default\">\n\t\t\t\t<div class=\"elementor-widget-container\">\n\t\t\t\t\t\t\t\t\t<p><strong>Proclaimer<\/strong><\/p><p>VTS B.V. ist f\u00fcr den Inhalt dieser Webseiten verantwortlich und setzt alles daran, diesen aktuell und akkurat zu halten. Sollte es vorkommen, dass Sie der Meinung sind, dass die Angaben nicht akkurat sind, dann freuen wir uns \u00fcber eine Reaktion Ihrerseits. Die einfachste Art ist per E-Mail an vtsbv@ontwerpenzotest.nl. F\u00fcr andere Fragen und alle anderen ben\u00f6tigten Informationen besuchen Sie unsere Kontaktseite. Unser Ziel ist es, jede Aktion innerhalb von f\u00fcnf Werktagen zu behandeln.<\/p><p><strong>Privatsph\u00e4re<\/strong><\/p><p>E-Mails, die wir \u00fcber diese Seite empfangen, werden von VTS B.V. vertraulich behandelt. Die von Ihnen mitgeteilten pers\u00f6nlichen Daten werden ausschlie\u00dflich dazu benutzt, wozu Sie diese mitgeteilt haben. Wird Ihre verschickte E-Mail unverhofft von Dritten betrachtet, wenn diese ungesichert \u00fcber das Internet verschickt wird, dann kann VTS B.V. daf\u00fcr nicht verantwortlich gemacht werden.<\/p><p><strong>Copyright<\/strong><\/p><p>Es ist nicht erlaubt, ohne Zustimmung von VTS B.V. Informationen und Abbildungen auf dieser Seite f\u00fcr andere Zwecke als zur pers\u00f6nlichen und nicht kommerziellen Nutzung und unter Angabe der Quelle zu ver\u00f6ffentlichen, zu vervielf\u00e4ltigen und\/oder zu bearbeiten.<\/p><p data-renderer-start-pos=\"248\"><strong>VTS BV<\/strong><br \/>Souvereinstraat 8d<br \/>4903 RH\u00a0 Oosterhout<br \/>Postbus 60 <br \/>7670 AB\u00a0 Vriezenveen<\/p><p>Tel:\u00a0<a href=\"tel:+31546570573\">+31 546 570573<\/a><br \/>E-mail:\u00a0<a href=\"mailto:info@vtsbv.com\">info@vtsbv.com<\/a><\/p>\t\t\t\t\t\t\t\t<\/div>\n\t\t\t\t<\/div>\n\t\t\t\t\t<\/div>\n\t\t<\/div>\n\t\t\t\t\t<\/div>\n\t\t<\/section>\n\t\t\t\t<\/div>\n\t\t","protected":false},"excerpt":{"rendered":"<p>Disclaimer Proclaimer VTS B.V. ist f\u00fcr den Inhalt dieser Webseiten verantwortlich und setzt alles daran, diesen aktuell und akkurat zu halten. Sollte es vorkommen, dass Sie der Meinung sind, dass die Angaben nicht akkurat sind, dann freuen wir uns \u00fcber eine Reaktion Ihrerseits. Die einfachste Art ist per E-Mail an vtsbv@ontwerpenzotest.nl. F\u00fcr andere Fragen und [&hellip;]<\/p>\n","protected":false},"author":5677,"featured_media":0,"parent":0,"menu_order":0,"comment_status":"closed","ping_status":"open","template":"","meta":{"_seopress_robots_primary_cat":"","_seopress_titles_title":"","_seopress_titles_desc":"","_seopress_robots_index":"","footnotes":""},"class_list":["post-1848","page","type-page","status-publish","hentry"],"_links":{"self":[{"href":"https:\/\/ontwerpenzotest.nl\/de\/wp-json\/wp\/v2\/pages\/1848","targetHints":{"allow":["GET"]}}],"collection":[{"href":"https:\/\/ontwerpenzotest.nl\/de\/wp-json\/wp\/v2\/pages"}],"about":[{"href":"https:\/\/ontwerpenzotest.nl\/de\/wp-json\/wp\/v2\/types\/page"}],"author":[{"embeddable":true,"href":"https:\/\/ontwerpenzotest.nl\/de\/wp-json\/wp\/v2\/users\/5677"}],"replies":[{"embeddable":true,"href":"https:\/\/ontwerpenzotest.nl\/de\/wp-json\/wp\/v2\/comments?post=1848"}],"version-history":[{"count":8,"href":"https:\/\/ontwerpenzotest.nl\/de\/wp-json\/wp\/v2\/pages\/1848\/revisions"}],"predecessor-version":[{"id":2721,"href":"https:\/\/ontwerpenzotest.nl\/de\/wp-json\/wp\/v2\/pages\/1848\/revisions\/2721"}],"wp:attachment":[{"href":"https:\/\/ontwerpenzotest.nl\/de\/wp-json\/wp\/v2\/media?parent=1848"}],"curies":[{"name":"wp","href":"https:\/\/api.w.org\/{rel}","templated":true}]}}