{"id":1918,"date":"2016-09-21T12:07:32","date_gmt":"2016-09-21T11:07:32","guid":{"rendered":"https:\/\/ontwerpenzotest.nl\/de\/?page_id=1918"},"modified":"2016-09-21T12:07:32","modified_gmt":"2016-09-21T11:07:32","slug":"danke-kontakt","status":"publish","type":"page","link":"https:\/\/ontwerpenzotest.nl\/de\/danke-kontakt\/","title":{"rendered":"Danke Kontakt"},"content":{"rendered":"<h2>Danke f\u00fcr Ihre Kontaktanfrage!<\/h2>\n<p>Ihre Kontaktanfrage wurde erfolgreich verschickt. Wir nehmen so schnell wir m\u00f6glich Kontakt mit Ihnen auf. <\/p>\n<p>Mit freundlichem Gru\u00df, VTSBV<\/p>\n","protected":false},"excerpt":{"rendered":"<p>Danke f\u00fcr Ihre Kontaktanfrage! Ihre Kontaktanfrage wurde erfolgreich verschickt. Wir nehmen so schnell wir m\u00f6glich Kontakt mit Ihnen auf. Mit freundlichem Gru\u00df, VTSBV<\/p>\n","protected":false},"author":5677,"featured_media":0,"parent":0,"menu_order":0,"comment_status":"closed","ping_status":"closed","template":"","meta":{"_seopress_robots_primary_cat":"","_seopress_titles_title":"","_seopress_titles_desc":"","_seopress_robots_index":"","footnotes":""},"class_list":["post-1918","page","type-page","status-publish","hentry"],"_links":{"self":[{"href":"https:\/\/ontwerpenzotest.nl\/de\/wp-json\/wp\/v2\/pages\/1918","targetHints":{"allow":["GET"]}}],"collection":[{"href":"https:\/\/ontwerpenzotest.nl\/de\/wp-json\/wp\/v2\/pages"}],"about":[{"href":"https:\/\/ontwerpenzotest.nl\/de\/wp-json\/wp\/v2\/types\/page"}],"author":[{"embeddable":true,"href":"https:\/\/ontwerpenzotest.nl\/de\/wp-json\/wp\/v2\/users\/5677"}],"replies":[{"embeddable":true,"href":"https:\/\/ontwerpenzotest.nl\/de\/wp-json\/wp\/v2\/comments?post=1918"}],"version-history":[{"count":1,"href":"https:\/\/ontwerpenzotest.nl\/de\/wp-json\/wp\/v2\/pages\/1918\/revisions"}],"predecessor-version":[{"id":1919,"href":"https:\/\/ontwerpenzotest.nl\/de\/wp-json\/wp\/v2\/pages\/1918\/revisions\/1919"}],"wp:attachment":[{"href":"https:\/\/ontwerpenzotest.nl\/de\/wp-json\/wp\/v2\/media?parent=1918"}],"curies":[{"name":"wp","href":"https:\/\/api.w.org\/{rel}","templated":true}]}}