{"id":1924,"date":"2016-09-21T12:16:20","date_gmt":"2016-09-21T11:16:20","guid":{"rendered":"https:\/\/ontwerpenzotest.nl\/de\/?page_id=1924"},"modified":"2016-09-21T12:16:20","modified_gmt":"2016-09-21T11:16:20","slug":"kombiwagen","status":"publish","type":"page","link":"https:\/\/ontwerpenzotest.nl\/de\/kombiwagen\/","title":{"rendered":"Kombiwagen"},"content":{"rendered":"<h1>Kombiwagen<\/h1>\n<p>Sind Sie als Betrieb auf der Suche nach guten Transportsystemen von hoher Qualit\u00e4t, beispielsweise f\u00fcr Ihr Krankenhaus oder Versorgungsheim? Bei VTS Transportsysteme haben wir die perfekten Kombiwagen, die multifunktionell einsetzbar sind. Einer unserer Kombiwagen ist beispielsweise ein W\u00e4schewagen und W\u00e4schesammler in Einem. H\u00e4tten Sie gerne einen Kombiwagen nach Ma\u00df? Lesen Sie dann weiter.<\/p>\n<h2>\u00dcber VTS B.V.<\/h2>\n<p>VTS B.V. ist Spezialist in der Entwicklung von Transportsystemen f\u00fcr vielf\u00e4ltige Einsatzgebiete. In unserer eigenen Produktionshalle entwickeln wir neben Kombiwagen auch W\u00e4schewagen, Servierwagen, Rollcontainer und andere Transportsysteme mit Hilfe der neuesten und modernsten Techniken. Unsere Fachleute k\u00f6nnen neben der Herstellung von u.a. standardm\u00e4\u00dfigen Servierwagen und W\u00e4scherei-Rollcontainern auch verschiedene Transportsysteme nach Ma\u00df entwickeln.<\/p>\n<h3>Unsere Dienstleistungen und Produkte<\/h3>\n<p>Ben\u00f6tigen Sie einen Kombiwagen oder m\u00f6chten Sie sich lieber eines unserer anderen Transportsysteme ansehen?<br \/>\nWir bieten:<\/p>\n<ul>\n<li>W\u00e4sche\/Abfallsammler<\/li>\n<li>Sortierwagen<\/li>\n<li>W\u00e4schewagen<\/li>\n<li>Steriler Transport<\/li>\n<li>Federbodenwagen<\/li>\n<li>Servierwagen<\/li>\n<\/ul>\n<p>H\u00e4tten Sie gerne einen Kombiwagen nach Ma\u00df? Das geht! Nehmen Sie Kontakt mit uns auf und fragen Sie nach den M\u00f6glichkeiten. Wir sind Ihnen gerne behilflich.<\/p>\n<h4>Mehr Informationen<\/h4>\n<p>Falls Sie auf der Suche nach <strong>Kombiwagen<\/strong> sind, dann entscheiden Sie sich f\u00fcr hochqualitative Kombiwagen von VTS Transportsysteme. M\u00f6chten Sie Kontakt mit uns aufnehmen? F\u00fcllen Sie das Kontaktformular aus und wir melden uns so schnell wie m\u00f6glich bei Ihnen, um mit Ihnen die M\u00f6glichkeiten zu besprechen. <\/p>\n<p><a class=\"la_button\" href=\"\/?page_id=121\">Contact<\/a><\/p>\n","protected":false},"excerpt":{"rendered":"<p>Kombiwagen Sind Sie als Betrieb auf der Suche nach guten Transportsystemen von hoher Qualit\u00e4t, beispielsweise f\u00fcr Ihr Krankenhaus oder Versorgungsheim? Bei VTS Transportsysteme haben wir die perfekten Kombiwagen, die multifunktionell einsetzbar sind. Einer unserer Kombiwagen ist beispielsweise ein W\u00e4schewagen und W\u00e4schesammler in Einem. H\u00e4tten Sie gerne einen Kombiwagen nach Ma\u00df? Lesen Sie dann weiter. \u00dcber [&hellip;]<\/p>\n","protected":false},"author":5677,"featured_media":0,"parent":0,"menu_order":0,"comment_status":"closed","ping_status":"closed","template":"","meta":{"_seopress_robots_primary_cat":"","_seopress_titles_title":"","_seopress_titles_desc":"","_seopress_robots_index":"","footnotes":""},"class_list":["post-1924","page","type-page","status-publish","hentry"],"_links":{"self":[{"href":"https:\/\/ontwerpenzotest.nl\/de\/wp-json\/wp\/v2\/pages\/1924","targetHints":{"allow":["GET"]}}],"collection":[{"href":"https:\/\/ontwerpenzotest.nl\/de\/wp-json\/wp\/v2\/pages"}],"about":[{"href":"https:\/\/ontwerpenzotest.nl\/de\/wp-json\/wp\/v2\/types\/page"}],"author":[{"embeddable":true,"href":"https:\/\/ontwerpenzotest.nl\/de\/wp-json\/wp\/v2\/users\/5677"}],"replies":[{"embeddable":true,"href":"https:\/\/ontwerpenzotest.nl\/de\/wp-json\/wp\/v2\/comments?post=1924"}],"version-history":[{"count":1,"href":"https:\/\/ontwerpenzotest.nl\/de\/wp-json\/wp\/v2\/pages\/1924\/revisions"}],"predecessor-version":[{"id":1925,"href":"https:\/\/ontwerpenzotest.nl\/de\/wp-json\/wp\/v2\/pages\/1924\/revisions\/1925"}],"wp:attachment":[{"href":"https:\/\/ontwerpenzotest.nl\/de\/wp-json\/wp\/v2\/media?parent=1924"}],"curies":[{"name":"wp","href":"https:\/\/api.w.org\/{rel}","templated":true}]}}