{"id":1939,"date":"2016-09-21T13:10:32","date_gmt":"2016-09-21T12:10:32","guid":{"rendered":"https:\/\/ontwerpenzotest.nl\/de\/?page_id=1939"},"modified":"2016-09-21T13:10:32","modified_gmt":"2016-09-21T12:10:32","slug":"rollcontainer","status":"publish","type":"page","link":"https:\/\/ontwerpenzotest.nl\/de\/rollcontainer\/","title":{"rendered":"Rollcontainer"},"content":{"rendered":"<p>Sind Sie auf der Suche nach einem Rollcontainer f\u00fcr W\u00e4schereien? Dann sind Sie bei VTS Transportsysteme in guten H\u00e4nden: Spezialist in der Produktion und Entwicklung von verschiedenen (internen) Transportmitteln. Wir entwickeln Rollcontainer f\u00fcr verschiedene Einsatzgebiete: von W\u00e4scherei-Rollcontainern, Brotwagen zu speziellen Containern nach Ma\u00df. <\/p>\n<h2>\u00dcber VTS B.V. Rollcontainer<\/h2>\n<p>VTS B.V. entwickelt verschiedene Rollcontainer f\u00fcr verschiedene Einsatzgebiete, aber ist vor allem auf W\u00e4scherei-Rollcontainer spezialisiert. Wir haben einen eigenen Produktionsstandort, eine eigene Modell- und Ger\u00e4teherstellung, wo echte Fachleute hochqualitative Rollcontainer mit Hilfe der neuesten und modernsten Techniken entwickeln. Bei uns ist es daher m\u00f6glich \u2013 neben der Lieferung von Produkten aus eigenem Vorrat \u2013 auch Rollcontainer nach Ma\u00df zu entwickeln.<\/p>\n<h3>Mehr als nur Rollcontainer<\/h3>\n<p>Neben der Produktion von Rollcontainern k\u00f6nnen Sie sich auch f\u00fcr verschiedene andere Transportsysteme an uns wenden, so wie:<\/p>\n<ul class=\"list_content\">\n<li><i class=\"fa fa-check-square-o\"> W\u00e4sche\/Abfallsammler<\/i><\/li>\n<li><i class=\"fa fa-check-square-o\"> Sortierwagen<\/i><\/li>\n<li><i class=\"fa fa-check-square-o\"> W\u00e4schewagen<\/i><\/li>\n<li><i class=\"fa fa-check-square-o\"> Steriler Transport<\/i><\/li>\n<li><i class=\"fa fa-check-square-o\"> Federbodenwagen<\/i><\/li>\n<li><i class=\"fa fa-check-square-o\"> Servierwagen<\/i><\/li>\n<\/ul>\n<p>Dar\u00fcber hinaus k\u00f6nnen wir auch verschiedene Rollcontainer nach Ma\u00df liefern, beispielsweise einen Brotwagen oder einen Flight Catering Wagen. M\u00f6chten Sie gerne einen Rollcontainer f\u00fcr ein spezifisches Einsatzgebiet nach Ma\u00df anfertigen lassen? Nehmen Sie Kontakt mit VTS B.V. auf.<\/p>\n<h4>Nehmen Sie Kontakt auf<\/h4>\n<p>Haben Sie Interesse an VTS Transportsysteme und m\u00f6chten Sie gerne wissen, was wir f\u00fcr Sie tun k\u00f6nnen auf dem Gebiet von Rollcontainern? Nehmen Sie \u00fcber das Kontaktformular Kontakt mit uns auf, dann melden wir uns so schnell wie m\u00f6glich bei Ihnen, um die M\u00f6glichkeiten zu besprechen.<\/p>\n<p><a class=\"la_button\" href=\"\/?page_id=121\">Contact<\/a><\/p>\n","protected":false},"excerpt":{"rendered":"<p>Sind Sie auf der Suche nach einem Rollcontainer f\u00fcr W\u00e4schereien? Dann sind Sie bei VTS Transportsysteme in guten H\u00e4nden: Spezialist in der Produktion und Entwicklung von verschiedenen (internen) Transportmitteln. Wir entwickeln Rollcontainer f\u00fcr verschiedene Einsatzgebiete: von W\u00e4scherei-Rollcontainern, Brotwagen zu speziellen Containern nach Ma\u00df. \u00dcber VTS B.V. Rollcontainer VTS B.V. entwickelt verschiedene Rollcontainer f\u00fcr verschiedene Einsatzgebiete, [&hellip;]<\/p>\n","protected":false},"author":5677,"featured_media":0,"parent":0,"menu_order":0,"comment_status":"closed","ping_status":"closed","template":"","meta":{"_seopress_robots_primary_cat":"","_seopress_titles_title":"","_seopress_titles_desc":"","_seopress_robots_index":"","footnotes":""},"class_list":["post-1939","page","type-page","status-publish","hentry"],"_links":{"self":[{"href":"https:\/\/ontwerpenzotest.nl\/de\/wp-json\/wp\/v2\/pages\/1939","targetHints":{"allow":["GET"]}}],"collection":[{"href":"https:\/\/ontwerpenzotest.nl\/de\/wp-json\/wp\/v2\/pages"}],"about":[{"href":"https:\/\/ontwerpenzotest.nl\/de\/wp-json\/wp\/v2\/types\/page"}],"author":[{"embeddable":true,"href":"https:\/\/ontwerpenzotest.nl\/de\/wp-json\/wp\/v2\/users\/5677"}],"replies":[{"embeddable":true,"href":"https:\/\/ontwerpenzotest.nl\/de\/wp-json\/wp\/v2\/comments?post=1939"}],"version-history":[{"count":1,"href":"https:\/\/ontwerpenzotest.nl\/de\/wp-json\/wp\/v2\/pages\/1939\/revisions"}],"predecessor-version":[{"id":1940,"href":"https:\/\/ontwerpenzotest.nl\/de\/wp-json\/wp\/v2\/pages\/1939\/revisions\/1940"}],"wp:attachment":[{"href":"https:\/\/ontwerpenzotest.nl\/de\/wp-json\/wp\/v2\/media?parent=1939"}],"curies":[{"name":"wp","href":"https:\/\/api.w.org\/{rel}","templated":true}]}}