{"id":1945,"date":"2016-09-21T13:18:50","date_gmt":"2016-09-21T12:18:50","guid":{"rendered":"https:\/\/ontwerpenzotest.nl\/de\/?page_id=1945"},"modified":"2016-09-21T13:18:50","modified_gmt":"2016-09-21T12:18:50","slug":"moechten-sie-einen-container-kaufen","status":"publish","type":"page","link":"https:\/\/ontwerpenzotest.nl\/de\/moechten-sie-einen-container-kaufen\/","title":{"rendered":"M\u00f6chten Sie einen Container kaufen"},"content":{"rendered":"<p>Sind Sie auf der Suche nach einem Container f\u00fcr W\u00e4schereien? Dann sind Sie bei VTS Transportsysteme in guten H\u00e4nden: Spezialist in der Produktion und Entwicklung von verschiedenen (internen) Transportmitteln. Wir entwickeln Container f\u00fcr verschiedene Einsatzgebiete: von W\u00e4scherei-Rollcontainer, Brotwagen zu speziellen Containern nach Ma\u00df. Also: m\u00f6chten Sie einen Container kaufen? Kaufen Sie ihn bei VTS Transportsysteme.<\/p>\n<h2>\u00dcber Container von VTS B.V.<\/h2>\n<p>Bei VTS B.V. entwickeln wir verschiedene Container f\u00fcr verschiedene Einsatzgebiete, aber wir haben uns vor allem auf Container in W\u00e4schereien spezialisiert. Bei VTS B.V. verf\u00fcgen wir \u00fcber einen eigenen Produktionsstandort, eine eigene Modell- und Ger\u00e4teherstellung, wo echte Fachleute hochqualitative Container entwickeln. Das tun wir mit Hilfe der neuesten und modernsten Techniken. Bei uns ist es daher m\u00f6glich \u2013 neben der Lieferung von Produkten aus dem eigenen Vorrat \u2013 auch einen Container zu kaufen, der komplett nach Ma\u00df angefertigt wurde.<\/p>\n<h3>Mehr Dienstleistungen<\/h3>\n<p>Neben der Produktion von verschiedenen Arten Containern, stellen wir auch andere Arten Transportsysteme her, so wie:<\/p>\n<ul>\n<li>W\u00e4sche\/Abfallsammler<\/li>\n<li>Sortierwagen<\/li>\n<li>W\u00e4schewagen<\/li>\n<li>Steriler Transport<\/li>\n<li>Federbodenwagen<\/li>\n<li>Servierwagen<\/li>\n<\/ul>\n<h4>Nehmen Sie Kontakt auf<\/h4>\n<p>M\u00f6chten Sie einen Container bei VTS Transportsysteme kaufen und m\u00f6chten Sie gerne wissen, was wir f\u00fcr Sie tun k\u00f6nnen bez\u00fcglich ma\u00dfgefertigter verschiedener Transportsysteme wie Container? Nehmen Sie \u00fcber das Kontaktformular Kontakt mit uns auf und wir melden uns so schnell wie m\u00f6glich bei Ihnen, um mit Ihnen die M\u00f6glichkeiten zu besprechen.<\/p>\n<p><a class=\"la_button\" href=\"\/?page_id=121\">Contact<\/a><\/p>\n","protected":false},"excerpt":{"rendered":"<p>Sind Sie auf der Suche nach einem Container f\u00fcr W\u00e4schereien? Dann sind Sie bei VTS Transportsysteme in guten H\u00e4nden: Spezialist in der Produktion und Entwicklung von verschiedenen (internen) Transportmitteln. Wir entwickeln Container f\u00fcr verschiedene Einsatzgebiete: von W\u00e4scherei-Rollcontainer, Brotwagen zu speziellen Containern nach Ma\u00df. Also: m\u00f6chten Sie einen Container kaufen? Kaufen Sie ihn bei VTS Transportsysteme. [&hellip;]<\/p>\n","protected":false},"author":5677,"featured_media":0,"parent":0,"menu_order":0,"comment_status":"closed","ping_status":"closed","template":"","meta":{"_seopress_robots_primary_cat":"","_seopress_titles_title":"","_seopress_titles_desc":"","_seopress_robots_index":"","footnotes":""},"class_list":["post-1945","page","type-page","status-publish","hentry"],"_links":{"self":[{"href":"https:\/\/ontwerpenzotest.nl\/de\/wp-json\/wp\/v2\/pages\/1945","targetHints":{"allow":["GET"]}}],"collection":[{"href":"https:\/\/ontwerpenzotest.nl\/de\/wp-json\/wp\/v2\/pages"}],"about":[{"href":"https:\/\/ontwerpenzotest.nl\/de\/wp-json\/wp\/v2\/types\/page"}],"author":[{"embeddable":true,"href":"https:\/\/ontwerpenzotest.nl\/de\/wp-json\/wp\/v2\/users\/5677"}],"replies":[{"embeddable":true,"href":"https:\/\/ontwerpenzotest.nl\/de\/wp-json\/wp\/v2\/comments?post=1945"}],"version-history":[{"count":1,"href":"https:\/\/ontwerpenzotest.nl\/de\/wp-json\/wp\/v2\/pages\/1945\/revisions"}],"predecessor-version":[{"id":1946,"href":"https:\/\/ontwerpenzotest.nl\/de\/wp-json\/wp\/v2\/pages\/1945\/revisions\/1946"}],"wp:attachment":[{"href":"https:\/\/ontwerpenzotest.nl\/de\/wp-json\/wp\/v2\/media?parent=1945"}],"curies":[{"name":"wp","href":"https:\/\/api.w.org\/{rel}","templated":true}]}}