{"id":2631,"date":"2016-08-22T16:01:08","date_gmt":"2016-08-22T15:01:08","guid":{"rendered":"https:\/\/ontwerpenzotest.nl\/bokwielen\/"},"modified":"2025-05-12T10:56:00","modified_gmt":"2025-05-12T08:56:00","slug":"bockrollen","status":"publish","type":"page","link":"https:\/\/ontwerpenzotest.nl\/de\/bockrollen\/","title":{"rendered":"Bockrollen"},"content":{"rendered":"\t\t<div data-elementor-type=\"wp-page\" data-elementor-id=\"2631\" class=\"elementor elementor-2631\" data-elementor-post-type=\"page\">\n\t\t\t\t\t\t<section class=\"elementor-section elementor-top-section elementor-element elementor-element-6efa9bcc elementor-section-boxed elementor-section-height-default elementor-section-height-default\" data-id=\"6efa9bcc\" data-element_type=\"section\">\n\t\t\t\t\t\t<div class=\"elementor-container elementor-column-gap-default\">\n\t\t\t\t\t<div class=\"elementor-column elementor-col-100 elementor-top-column elementor-element elementor-element-574fcc05\" data-id=\"574fcc05\" data-element_type=\"column\">\n\t\t\t<div class=\"elementor-widget-wrap elementor-element-populated\">\n\t\t\t\t\t\t<div class=\"elementor-element elementor-element-2fa3497 elementor-widget elementor-widget-heading\" data-id=\"2fa3497\" data-element_type=\"widget\" data-widget_type=\"heading.default\">\n\t\t\t\t<div class=\"elementor-widget-container\">\n\t\t\t\t\t<h1 class=\"elementor-heading-title elementor-size-default\">Bockrollen<\/h1>\t\t\t\t<\/div>\n\t\t\t\t<\/div>\n\t\t\t\t<div class=\"elementor-element elementor-element-69b57761 elementor-widget elementor-widget-text-editor\" data-id=\"69b57761\" data-element_type=\"widget\" data-widget_type=\"text-editor.default\">\n\t\t\t\t<div class=\"elementor-widget-container\">\n\t\t\t\t\t\t\t\t\t<p>Wenn Sie als Betrieb neue Transportsysteme, wie Servierwagen oder W\u00e4schewagen, anschaffen, ist es wichtig, dass diese neuen Transportsysteme auch \u00fcber die richtige Kombination aus Rollen verf\u00fcgen. Bei VTS Transportsysteme werden alle Container mit passenden Bockrollen und Lenkrollen geliefert: die zusammen eine perfekte Kombination bilden.<\/p><h2><br \/>Was sind Bockrollen?<\/h2><p>Transportsysteme k\u00f6nnen \u00fcber verschiedene Arten von Rollen verf\u00fcgen. Die Lenkrollen sorgen daf\u00fcr, dass Sie gut lenken und Kurven fahren k\u00f6nnen. Dahingegen sind Bockrollen gerade solide Rollen, die nicht wendig sind und f\u00fcr Stabilit\u00e4t sorgen. Das macht die Kombination aus Bockrollen mit Lenkrollen so beliebt.<\/p><h3><br \/>\u00dcber unsere Transportsysteme<\/h3><p>Wir von VTS B.V. sind Spezialisten in der Entwicklung von Transportsystemen. Diese Transportsysteme stellen wir an unserem eigenen Produktionsstandort mit Hilfe der neuesten und modernsten Techniken her. Also sind Sie bei uns nicht nur an der richtigen Adresse f\u00fcr Bockrollen und andere Rollenarten, Sie k\u00f6nnen uns auch die Produktion von untenstehenden Transportsystemen (inklusive Rollen) \u00fcberlassen:<\/p><ul><li>W\u00e4sche\/Abfallsammler<\/li><li>Sortierwagen<\/li><li>W\u00e4schewagen<\/li><li>Steriler Transport<\/li><li>Federbodenwagen<\/li><li>Servierwagen<\/li><\/ul><h4><br \/>Kontakt aufnehmen<\/h4><p>Falls Sie auf der Suche nach <strong>Bockrollen<\/strong> sind, dann entscheiden Sie sich f\u00fcr hohe Qualit\u00e4t und w\u00e4hlen Sie Bockrollen von VTS Transportsysteme. Wir bieten verschiedene Arten Rollen, sodass es immer ein Paar Rollen gibt, das zu Ihrem Transportsystem passt. M\u00f6chten Sie Kontakt mit uns aufnehmen? F\u00fcllen Sie das Kontaktformular aus und wir melden uns so schnell wie m\u00f6glich bei Ihnen.<\/p>\t\t\t\t\t\t\t\t<\/div>\n\t\t\t\t<\/div>\n\t\t\t\t<div class=\"elementor-element elementor-element-223bd5d elementor-widget elementor-widget-button\" data-id=\"223bd5d\" data-element_type=\"widget\" data-widget_type=\"button.default\">\n\t\t\t\t<div class=\"elementor-widget-container\">\n\t\t\t\t\t\t\t\t\t<div class=\"elementor-button-wrapper\">\n\t\t\t\t\t<a class=\"elementor-button elementor-button-link elementor-size-sm\" href=\"#\">\n\t\t\t\t\t\t<span class=\"elementor-button-content-wrapper\">\n\t\t\t\t\t\t\t\t\t<span class=\"elementor-button-text\">Kontakt<\/span>\n\t\t\t\t\t<\/span>\n\t\t\t\t\t<\/a>\n\t\t\t\t<\/div>\n\t\t\t\t\t\t\t\t<\/div>\n\t\t\t\t<\/div>\n\t\t\t\t\t<\/div>\n\t\t<\/div>\n\t\t\t\t\t<\/div>\n\t\t<\/section>\n\t\t\t\t<\/div>\n\t\t","protected":false},"excerpt":{"rendered":"<p>Bockrollen Wenn Sie als Betrieb neue Transportsysteme, wie Servierwagen oder W\u00e4schewagen, anschaffen, ist es wichtig, dass diese neuen Transportsysteme auch \u00fcber die richtige Kombination aus Rollen verf\u00fcgen. Bei VTS Transportsysteme werden alle Container mit passenden Bockrollen und Lenkrollen geliefert: die zusammen eine perfekte Kombination bilden. Was sind Bockrollen? Transportsysteme k\u00f6nnen \u00fcber verschiedene Arten von Rollen [&hellip;]<\/p>\n","protected":false},"author":5677,"featured_media":0,"parent":0,"menu_order":0,"comment_status":"closed","ping_status":"closed","template":"","meta":{"_seopress_robots_primary_cat":"","_seopress_titles_title":"","_seopress_titles_desc":"","_seopress_robots_index":"","footnotes":""},"class_list":["post-2631","page","type-page","status-publish","hentry"],"_links":{"self":[{"href":"https:\/\/ontwerpenzotest.nl\/de\/wp-json\/wp\/v2\/pages\/2631","targetHints":{"allow":["GET"]}}],"collection":[{"href":"https:\/\/ontwerpenzotest.nl\/de\/wp-json\/wp\/v2\/pages"}],"about":[{"href":"https:\/\/ontwerpenzotest.nl\/de\/wp-json\/wp\/v2\/types\/page"}],"author":[{"embeddable":true,"href":"https:\/\/ontwerpenzotest.nl\/de\/wp-json\/wp\/v2\/users\/5677"}],"replies":[{"embeddable":true,"href":"https:\/\/ontwerpenzotest.nl\/de\/wp-json\/wp\/v2\/comments?post=2631"}],"version-history":[{"count":4,"href":"https:\/\/ontwerpenzotest.nl\/de\/wp-json\/wp\/v2\/pages\/2631\/revisions"}],"predecessor-version":[{"id":2778,"href":"https:\/\/ontwerpenzotest.nl\/de\/wp-json\/wp\/v2\/pages\/2631\/revisions\/2778"}],"wp:attachment":[{"href":"https:\/\/ontwerpenzotest.nl\/de\/wp-json\/wp\/v2\/media?parent=2631"}],"curies":[{"name":"wp","href":"https:\/\/api.w.org\/{rel}","templated":true}]}}