{"id":2691,"date":"2016-08-22T16:09:03","date_gmt":"2016-08-22T15:09:03","guid":{"rendered":"https:\/\/ontwerpenzotest.nl\/wascontainer\/"},"modified":"2025-05-12T09:46:20","modified_gmt":"2025-05-12T07:46:20","slug":"wascontainer","status":"publish","type":"page","link":"https:\/\/ontwerpenzotest.nl\/de\/wascontainer\/","title":{"rendered":"Ein W\u00e4schecontainer von VTS B.V"},"content":{"rendered":"\t\t<div data-elementor-type=\"wp-page\" data-elementor-id=\"2691\" class=\"elementor elementor-2691\" data-elementor-post-type=\"page\">\n\t\t\t\t\t\t<section class=\"elementor-section elementor-top-section elementor-element elementor-element-23bf836e elementor-section-boxed elementor-section-height-default elementor-section-height-default\" data-id=\"23bf836e\" data-element_type=\"section\">\n\t\t\t\t\t\t<div class=\"elementor-container elementor-column-gap-default\">\n\t\t\t\t\t<div class=\"elementor-column elementor-col-100 elementor-top-column elementor-element elementor-element-770f2d89\" data-id=\"770f2d89\" data-element_type=\"column\">\n\t\t\t<div class=\"elementor-widget-wrap elementor-element-populated\">\n\t\t\t\t\t\t<div class=\"elementor-element elementor-element-9e3a7f8 elementor-widget elementor-widget-heading\" data-id=\"9e3a7f8\" data-element_type=\"widget\" data-widget_type=\"heading.default\">\n\t\t\t\t<div class=\"elementor-widget-container\">\n\t\t\t\t\t<h1 class=\"elementor-heading-title elementor-size-default\">Ein W\u00e4schecontainer von VTS B.V<\/h1>\t\t\t\t<\/div>\n\t\t\t\t<\/div>\n\t\t\t\t<div class=\"elementor-element elementor-element-7df97a81 elementor-widget elementor-widget-text-editor\" data-id=\"7df97a81\" data-element_type=\"widget\" data-widget_type=\"text-editor.default\">\n\t\t\t\t<div class=\"elementor-widget-container\">\n\t\t\t\t\t\t\t\t\t<p>VTS B.V. ist Spezialist in Transportsystemen und dabei vornehmlich in Transportsystemen f\u00fcr W\u00e4schereien. Sie sind daher bei uns an der richtigen Adresse, wenn Sie auf der Suche nach\u00a0<strong>W\u00e4schecontainern<\/strong>\u00a0f\u00fcr die W\u00e4scherei in Ihrem Hotel, Ihrer Herberge oder Ihrem Hostel sind.<\/p><h2>\u00dcber VTS B.V. W\u00e4schecontainer<\/h2><p>VTS B.V. ist mit ihrem eigenen Produktionsstandort und der Modell- und Ger\u00e4teherstellung Spezialist in der Entwicklung von W\u00e4schecontainern. Hier entwickeln wir verschiedene W\u00e4schereicontainer und W\u00e4sche\/Abfallsammler mit Hilfe der neuesten und modernsten Techniken. Unsere Fachleute k\u00f6nnen neben der Fertigung von u.a. standardm\u00e4\u00dfigen Servierwagen und W\u00e4scherei-Rollcontainern auch verschiedene Transportsysteme nach Ma\u00df entwickeln.<\/p><h3>Unsere W\u00e4schecontainer<\/h3><p>VTS B.V. bietet verschiedene Arten von W\u00e4schecontainern an, sowie:<\/p><ul><li>W\u00e4schecontainer Typ VR116-10-00G,<\/li><li>W\u00e4schecontainer Typ Star,bur<\/li><li>W\u00e4schecontainer Typ Basic,<\/li><li>W\u00e4schecontainer Typ Compact,<\/li><li>W\u00e4schecontainer Typ Compact Maxi und<\/li><li>W\u00e4schecontainer Typ VTS Box.<\/li><\/ul><p><br \/>Wir bieten auch verschiedene W\u00e4schesammler an, die Sie sich hier ansehen k\u00f6nnen.<\/p><h4>Kontakt aufnehmen<\/h4><p>Sind Sie auf der Suche nach einem\u00a0<strong>W\u00e4schecontainer<\/strong>\u00a0f\u00fcr Ihr Hotel, Ihr Hostel oder Ihre Herberge? Entscheiden Sie sich f\u00fcr einen hochqualitativen W\u00e4schecontainer und w\u00e4hlen Sie VTS Transportsysteme. M\u00f6chten Sie Kontakt mit uns aufnehmen? F\u00fcllen Sie das Kontaktformulier aus und wir melden uns so schnell wie m\u00f6glich bei Ihnen, um mit Ihnen die M\u00f6glichkeiten zu besprechen.<\/p>\t\t\t\t\t\t\t\t<\/div>\n\t\t\t\t<\/div>\n\t\t\t\t\t<\/div>\n\t\t<\/div>\n\t\t\t\t\t<\/div>\n\t\t<\/section>\n\t\t\t\t<\/div>\n\t\t","protected":false},"excerpt":{"rendered":"<p>Ein W\u00e4schecontainer von VTS B.V VTS B.V. ist Spezialist in Transportsystemen und dabei vornehmlich in Transportsystemen f\u00fcr W\u00e4schereien. Sie sind daher bei uns an der richtigen Adresse, wenn Sie auf der Suche nach\u00a0W\u00e4schecontainern\u00a0f\u00fcr die W\u00e4scherei in Ihrem Hotel, Ihrer Herberge oder Ihrem Hostel sind. \u00dcber VTS B.V. W\u00e4schecontainer VTS B.V. ist mit ihrem eigenen Produktionsstandort [&hellip;]<\/p>\n","protected":false},"author":5677,"featured_media":0,"parent":0,"menu_order":0,"comment_status":"closed","ping_status":"closed","template":"","meta":{"_seopress_robots_primary_cat":"","_seopress_titles_title":"","_seopress_titles_desc":"","_seopress_robots_index":"","footnotes":""},"class_list":["post-2691","page","type-page","status-publish","hentry"],"_links":{"self":[{"href":"https:\/\/ontwerpenzotest.nl\/de\/wp-json\/wp\/v2\/pages\/2691","targetHints":{"allow":["GET"]}}],"collection":[{"href":"https:\/\/ontwerpenzotest.nl\/de\/wp-json\/wp\/v2\/pages"}],"about":[{"href":"https:\/\/ontwerpenzotest.nl\/de\/wp-json\/wp\/v2\/types\/page"}],"author":[{"embeddable":true,"href":"https:\/\/ontwerpenzotest.nl\/de\/wp-json\/wp\/v2\/users\/5677"}],"replies":[{"embeddable":true,"href":"https:\/\/ontwerpenzotest.nl\/de\/wp-json\/wp\/v2\/comments?post=2691"}],"version-history":[{"count":3,"href":"https:\/\/ontwerpenzotest.nl\/de\/wp-json\/wp\/v2\/pages\/2691\/revisions"}],"predecessor-version":[{"id":2694,"href":"https:\/\/ontwerpenzotest.nl\/de\/wp-json\/wp\/v2\/pages\/2691\/revisions\/2694"}],"wp:attachment":[{"href":"https:\/\/ontwerpenzotest.nl\/de\/wp-json\/wp\/v2\/media?parent=2691"}],"curies":[{"name":"wp","href":"https:\/\/api.w.org\/{rel}","templated":true}]}}