{"id":2731,"date":"2025-05-12T10:04:52","date_gmt":"2025-05-12T08:04:52","guid":{"rendered":"https:\/\/ontwerpenzotest.nl\/?page_id=2731"},"modified":"2025-05-12T10:09:18","modified_gmt":"2025-05-12T08:09:18","slug":"waeschetrolleys","status":"publish","type":"page","link":"https:\/\/ontwerpenzotest.nl\/de\/waeschetrolleys\/","title":{"rendered":"W\u00e4schetrolleys"},"content":{"rendered":"\t\t<div data-elementor-type=\"wp-page\" data-elementor-id=\"2731\" class=\"elementor elementor-2731\" data-elementor-post-type=\"page\">\n\t\t\t\t\t\t<section class=\"elementor-section elementor-top-section elementor-element elementor-element-138df654 elementor-section-boxed elementor-section-height-default elementor-section-height-default\" data-id=\"138df654\" data-element_type=\"section\">\n\t\t\t\t\t\t<div class=\"elementor-container elementor-column-gap-default\">\n\t\t\t\t\t<div class=\"elementor-column elementor-col-100 elementor-top-column elementor-element elementor-element-ddb012e\" data-id=\"ddb012e\" data-element_type=\"column\">\n\t\t\t<div class=\"elementor-widget-wrap elementor-element-populated\">\n\t\t\t\t\t\t<div class=\"elementor-element elementor-element-8107498 elementor-widget elementor-widget-heading\" data-id=\"8107498\" data-element_type=\"widget\" data-widget_type=\"heading.default\">\n\t\t\t\t<div class=\"elementor-widget-container\">\n\t\t\t\t\t<h1 class=\"elementor-heading-title elementor-size-default\">W\u00e4schetrolleys<\/h1>\t\t\t\t<\/div>\n\t\t\t\t<\/div>\n\t\t\t\t<div class=\"elementor-element elementor-element-a22a168 elementor-widget elementor-widget-text-editor\" data-id=\"a22a168\" data-element_type=\"widget\" data-widget_type=\"text-editor.default\">\n\t\t\t\t<div class=\"elementor-widget-container\">\n\t\t\t\t\t\t\t\t\t<p>Sind Sie auf der Suche nach <strong>W\u00e4schewagen<\/strong> f\u00fcr den Transport von sauberer W\u00e4sche in Ihrem Hotel, Gasthaus oder Hostel?&nbsp;Dann entscheiden Sie sich f\u00fcr W\u00e4schewagen von VTS \u2013 Spezialisten in der Herstellung und Entwicklung verschiedener (interner) Transportsysteme.&nbsp;Wir entwickeln Transportsysteme f\u00fcr verschiedene Zwecke: von W\u00e4scherei-Rollcontainern und W\u00e4schewagen bis hin zu Brotkisten und ma\u00dfgeschneiderten Spezialcontainern.<\/p>\n<h2>\u00dcber VTS<\/h2>\n<p>VTS B.V. ist besonders spezialisiert auf W\u00e4scherei-Container, produziert aber auch eine Vielzahl von W\u00e4schewagen, Servierwagen und mehr.<br>\nWir verf\u00fcgen \u00fcber eine eigene Produktionsst\u00e4tte, Modell- und Werkzeugbau, in denen echte Fachleute hochwertige W\u00e4schewagen mit modernster Technik entwickeln.&nbsp;Neben der Lieferung von Produkten aus unserem eigenen Lager ist es bei uns auch m\u00f6glich, ma\u00dfgeschneiderte W\u00e4schewagen zu fertigen.<\/p>\n<h2>W\u00e4schewagen und mehr<\/h2>\n<p>Neben der Produktion verschiedener Arten von W\u00e4schewagen bieten wir auch:<\/p>\n<ul>\n<li>Schmutz-\/Abfallsammler<\/li>\n<li>F\u00e4cherwagen<\/li>\n<li>Rollcontainer<\/li>\n<li>Steriltransport<\/li>\n<li>Wagen mit federndem Boden<\/li>\n<li>Servierwagen<\/li>\n<\/ul>\n<p><br>M\u00f6chten Sie ein ma\u00dfgeschneidertes Transportsystem? Zum Beispiel eine Brotkiste oder einen Flight-Catering-Container? Dann kontaktieren Sie uns einfach.<\/p>\n<h2>Kontaktieren Sie uns<\/h2>\n<p>Haben Sie Interesse an VTS und m\u00f6chten Sie wissen, was wir Ihnen in Bezug auf W\u00e4schewagen bieten k\u00f6nnen?&nbsp;Dann kontaktieren Sie uns \u00fcber das Kontaktformular, und wir melden uns so schnell wie m\u00f6glich bei Ihnen, um die M\u00f6glichkeiten zu besprechen.&nbsp;Oder sehen Sie sich schon jetzt unser Sortiment an <a href=\"\/?product_cat=linnenwagens\">W\u00e4schewagen<\/a> an.<\/p>\t\t\t\t\t\t\t\t<\/div>\n\t\t\t\t<\/div>\n\t\t\t\t\t<\/div>\n\t\t<\/div>\n\t\t\t\t\t<\/div>\n\t\t<\/section>\n\t\t\t\t<\/div>\n\t\t","protected":false},"excerpt":{"rendered":"<p>W\u00e4schetrolleys Sind Sie auf der Suche nach W\u00e4schewagen f\u00fcr den Transport von sauberer W\u00e4sche in Ihrem Hotel, Gasthaus oder Hostel?&nbsp;Dann entscheiden Sie sich f\u00fcr W\u00e4schewagen von VTS \u2013 Spezialisten in der Herstellung und Entwicklung verschiedener (interner) Transportsysteme.&nbsp;Wir entwickeln Transportsysteme f\u00fcr verschiedene Zwecke: von W\u00e4scherei-Rollcontainern und W\u00e4schewagen bis hin zu Brotkisten und ma\u00dfgeschneiderten Spezialcontainern. \u00dcber VTS [&hellip;]<\/p>\n","protected":false},"author":5679,"featured_media":0,"parent":0,"menu_order":0,"comment_status":"closed","ping_status":"closed","template":"","meta":{"_seopress_robots_primary_cat":"","_seopress_titles_title":"","_seopress_titles_desc":"","_seopress_robots_index":"","footnotes":""},"class_list":["post-2731","page","type-page","status-publish","hentry"],"_links":{"self":[{"href":"https:\/\/ontwerpenzotest.nl\/de\/wp-json\/wp\/v2\/pages\/2731","targetHints":{"allow":["GET"]}}],"collection":[{"href":"https:\/\/ontwerpenzotest.nl\/de\/wp-json\/wp\/v2\/pages"}],"about":[{"href":"https:\/\/ontwerpenzotest.nl\/de\/wp-json\/wp\/v2\/types\/page"}],"author":[{"embeddable":true,"href":"https:\/\/ontwerpenzotest.nl\/de\/wp-json\/wp\/v2\/users\/5679"}],"replies":[{"embeddable":true,"href":"https:\/\/ontwerpenzotest.nl\/de\/wp-json\/wp\/v2\/comments?post=2731"}],"version-history":[{"count":5,"href":"https:\/\/ontwerpenzotest.nl\/de\/wp-json\/wp\/v2\/pages\/2731\/revisions"}],"predecessor-version":[{"id":2776,"href":"https:\/\/ontwerpenzotest.nl\/de\/wp-json\/wp\/v2\/pages\/2731\/revisions\/2776"}],"wp:attachment":[{"href":"https:\/\/ontwerpenzotest.nl\/de\/wp-json\/wp\/v2\/media?parent=2731"}],"curies":[{"name":"wp","href":"https:\/\/api.w.org\/{rel}","templated":true}]}}