{"id":1954,"date":"2016-09-22T07:45:44","date_gmt":"2016-09-22T06:45:44","guid":{"rendered":"https:\/\/ontwerpenzotest.nl\/de\/?post_type=product&#038;p=1954"},"modified":"2016-09-22T07:45:44","modified_gmt":"2016-09-22T06:45:44","slug":"gartenmoebel-container","status":"publish","type":"product","link":"https:\/\/ontwerpenzotest.nl\/de\/product\/gartenmoebel-container\/","title":{"rendered":"Gartenm\u00f6bel-Container"},"content":{"rendered":"","protected":false},"excerpt":{"rendered":"<p>Dieser Container wurde vom gr\u00f6\u00dften Gartenm\u00f6belh\u00e4ndler der Niederlande bei VTS angefragt und wir haben das Konzept in der Realisierung dieses robusten Containers weiter ausgearbeitet. Die Container werden zu vollster Zufriedenheit der Arbeitnehmer im Lager eingesetzt. <\/p>\n","protected":false},"featured_media":878,"template":"","meta":{"_seopress_robots_primary_cat":"","_seopress_titles_title":"","_seopress_titles_desc":"","_seopress_robots_index":""},"product_brand":[],"product_cat":[210],"product_tag":[],"class_list":{"0":"post-1954","1":"product","2":"type-product","3":"status-publish","4":"has-post-thumbnail","6":"product_cat-rollcontainer","8":"first","9":"instock","10":"shipping-taxable","11":"product-type-simple"},"_links":{"self":[{"href":"https:\/\/ontwerpenzotest.nl\/de\/wp-json\/wp\/v2\/product\/1954","targetHints":{"allow":["GET"]}}],"collection":[{"href":"https:\/\/ontwerpenzotest.nl\/de\/wp-json\/wp\/v2\/product"}],"about":[{"href":"https:\/\/ontwerpenzotest.nl\/de\/wp-json\/wp\/v2\/types\/product"}],"wp:featuredmedia":[{"embeddable":true,"href":"https:\/\/ontwerpenzotest.nl\/de\/wp-json\/wp\/v2\/media\/878"}],"wp:attachment":[{"href":"https:\/\/ontwerpenzotest.nl\/de\/wp-json\/wp\/v2\/media?parent=1954"}],"wp:term":[{"taxonomy":"product_brand","embeddable":true,"href":"https:\/\/ontwerpenzotest.nl\/de\/wp-json\/wp\/v2\/product_brand?post=1954"},{"taxonomy":"product_cat","embeddable":true,"href":"https:\/\/ontwerpenzotest.nl\/de\/wp-json\/wp\/v2\/product_cat?post=1954"},{"taxonomy":"product_tag","embeddable":true,"href":"https:\/\/ontwerpenzotest.nl\/de\/wp-json\/wp\/v2\/product_tag?post=1954"}],"curies":[{"name":"wp","href":"https:\/\/api.w.org\/{rel}","templated":true}]}}