{"id":1970,"date":"2016-09-22T08:12:17","date_gmt":"2016-09-22T07:12:17","guid":{"rendered":"https:\/\/ontwerpenzotest.nl\/de\/?post_type=product&#038;p=1970"},"modified":"2016-09-22T08:13:16","modified_gmt":"2016-09-22T07:13:16","slug":"waeschewagen-typ-251-1-und-251-2","status":"publish","type":"product","link":"https:\/\/ontwerpenzotest.nl\/de\/product\/waeschewagen-typ-251-1-und-251-2\/","title":{"rendered":"W\u00e4schewagen Typ 251.1 und 251.2"},"content":{"rendered":"","protected":false},"excerpt":{"rendered":"<p>W\u00e4schewagen zum Transport von sauberer W\u00e4sche. Der Wagen ist mit 1 Ebene in der Mitte ausgestattet. Der W\u00e4schewagen ist mit 1 oder 2 W\u00e4schesammlern ausgestattet.<\/p>\n<table>\n<tbody>\n<tr>\n<th>Art.nr.<\/th>\n<th>Abmessungen<\/th>\n<\/tr>\n<tr>\n<td>251.1<\/td>\n<td>1060x600x1180 mm<\/td>\n<\/tr>\n<tr>\n<td>251.2<\/td>\n<td>1430x600x1180 mm<\/td>\n<\/tr>\n<\/tbody>\n<\/table>\n","protected":false},"featured_media":587,"template":"","meta":{"_seopress_robots_primary_cat":"","_seopress_titles_title":"","_seopress_titles_desc":"","_seopress_robots_index":""},"product_brand":[],"product_cat":[199],"product_tag":[],"class_list":{"0":"post-1970","1":"product","2":"type-product","3":"status-publish","4":"has-post-thumbnail","6":"product_cat-leinen-autos","8":"first","9":"instock","10":"shipping-taxable","11":"product-type-simple"},"_links":{"self":[{"href":"https:\/\/ontwerpenzotest.nl\/de\/wp-json\/wp\/v2\/product\/1970","targetHints":{"allow":["GET"]}}],"collection":[{"href":"https:\/\/ontwerpenzotest.nl\/de\/wp-json\/wp\/v2\/product"}],"about":[{"href":"https:\/\/ontwerpenzotest.nl\/de\/wp-json\/wp\/v2\/types\/product"}],"wp:featuredmedia":[{"embeddable":true,"href":"https:\/\/ontwerpenzotest.nl\/de\/wp-json\/wp\/v2\/media\/587"}],"wp:attachment":[{"href":"https:\/\/ontwerpenzotest.nl\/de\/wp-json\/wp\/v2\/media?parent=1970"}],"wp:term":[{"taxonomy":"product_brand","embeddable":true,"href":"https:\/\/ontwerpenzotest.nl\/de\/wp-json\/wp\/v2\/product_brand?post=1970"},{"taxonomy":"product_cat","embeddable":true,"href":"https:\/\/ontwerpenzotest.nl\/de\/wp-json\/wp\/v2\/product_cat?post=1970"},{"taxonomy":"product_tag","embeddable":true,"href":"https:\/\/ontwerpenzotest.nl\/de\/wp-json\/wp\/v2\/product_tag?post=1970"}],"curies":[{"name":"wp","href":"https:\/\/api.w.org\/{rel}","templated":true}]}}