{"id":1973,"date":"2016-09-22T08:21:13","date_gmt":"2016-09-22T07:21:13","guid":{"rendered":"https:\/\/ontwerpenzotest.nl\/de\/?post_type=product&#038;p=1973"},"modified":"2016-09-22T08:21:13","modified_gmt":"2016-09-22T07:21:13","slug":"waeschesammler-typ-251tc-2l","status":"publish","type":"product","link":"https:\/\/ontwerpenzotest.nl\/de\/product\/waeschesammler-typ-251tc-2l\/","title":{"rendered":"W\u00e4schesammler Typ 251TC.2L"},"content":{"rendered":"","protected":false},"excerpt":{"rendered":"<p>W\u00e4schewagen mit 3 Ebenen und 2 W\u00e4schesammlern. Der W\u00e4schewagen ist mit 4 Sto\u00dfsch\u00fctzern ausgestattet. Der Abstand zwischen den Ebenen betr\u00e4gt 340 mm. Der W\u00e4schewagen ist au\u00dferdem mit Deckeln ausgestattet.<\/p>\n<table>\n<tbody>\n<tr>\n<th>Abmessungen<\/th>\n<\/tr>\n<tr>\n<td>1330x500x1100 mm<\/td>\n<\/tr>\n<\/tbody>\n<\/table>\n","protected":false},"featured_media":593,"template":"","meta":{"_seopress_robots_primary_cat":"","_seopress_titles_title":"","_seopress_titles_desc":"","_seopress_robots_index":""},"product_brand":[],"product_cat":[218],"product_tag":[],"class_list":{"0":"post-1973","1":"product","2":"type-product","3":"status-publish","4":"has-post-thumbnail","6":"product_cat-wash-abfallsammler","8":"first","9":"instock","10":"shipping-taxable","11":"product-type-simple"},"_links":{"self":[{"href":"https:\/\/ontwerpenzotest.nl\/de\/wp-json\/wp\/v2\/product\/1973","targetHints":{"allow":["GET"]}}],"collection":[{"href":"https:\/\/ontwerpenzotest.nl\/de\/wp-json\/wp\/v2\/product"}],"about":[{"href":"https:\/\/ontwerpenzotest.nl\/de\/wp-json\/wp\/v2\/types\/product"}],"wp:featuredmedia":[{"embeddable":true,"href":"https:\/\/ontwerpenzotest.nl\/de\/wp-json\/wp\/v2\/media\/593"}],"wp:attachment":[{"href":"https:\/\/ontwerpenzotest.nl\/de\/wp-json\/wp\/v2\/media?parent=1973"}],"wp:term":[{"taxonomy":"product_brand","embeddable":true,"href":"https:\/\/ontwerpenzotest.nl\/de\/wp-json\/wp\/v2\/product_brand?post=1973"},{"taxonomy":"product_cat","embeddable":true,"href":"https:\/\/ontwerpenzotest.nl\/de\/wp-json\/wp\/v2\/product_cat?post=1973"},{"taxonomy":"product_tag","embeddable":true,"href":"https:\/\/ontwerpenzotest.nl\/de\/wp-json\/wp\/v2\/product_tag?post=1973"}],"curies":[{"name":"wp","href":"https:\/\/api.w.org\/{rel}","templated":true}]}}