{"id":1975,"date":"2016-09-22T08:24:39","date_gmt":"2016-09-22T07:24:39","guid":{"rendered":"https:\/\/ontwerpenzotest.nl\/de\/?post_type=product&#038;p=1975"},"modified":"2016-09-22T08:25:10","modified_gmt":"2016-09-22T07:25:10","slug":"waeschesammler-typ-251tx","status":"publish","type":"product","link":"https:\/\/ontwerpenzotest.nl\/de\/product\/waeschesammler-typ-251tx\/","title":{"rendered":"W\u00e4schesammler Typ 251TX"},"content":{"rendered":"","protected":false},"excerpt":{"rendered":"<p>W\u00e4schewagen mit 3 Ebenen und 2 W\u00e4schesammlern. Der Abstand zwischen den Ebenen betr\u00e4gt 320 mm. Der W\u00e4schewagen ist au\u00dferdem mit Deckeln ausgestattet. <\/p>\n<table>\n<tbody>\n<tr>\n<th>Abmessungen\/th><br \/>\n<\/tr>\n<tr>\n<td>980x600x1100 mm<\/td>\n<\/tr>\n<\/tbody>\n<\/table>\n","protected":false},"featured_media":589,"template":"","meta":{"_seopress_robots_primary_cat":"","_seopress_titles_title":"","_seopress_titles_desc":"","_seopress_robots_index":""},"product_brand":[],"product_cat":[218],"product_tag":[],"class_list":{"0":"post-1975","1":"product","2":"type-product","3":"status-publish","4":"has-post-thumbnail","6":"product_cat-wash-abfallsammler","8":"first","9":"instock","10":"shipping-taxable","11":"product-type-simple"},"_links":{"self":[{"href":"https:\/\/ontwerpenzotest.nl\/de\/wp-json\/wp\/v2\/product\/1975","targetHints":{"allow":["GET"]}}],"collection":[{"href":"https:\/\/ontwerpenzotest.nl\/de\/wp-json\/wp\/v2\/product"}],"about":[{"href":"https:\/\/ontwerpenzotest.nl\/de\/wp-json\/wp\/v2\/types\/product"}],"wp:featuredmedia":[{"embeddable":true,"href":"https:\/\/ontwerpenzotest.nl\/de\/wp-json\/wp\/v2\/media\/589"}],"wp:attachment":[{"href":"https:\/\/ontwerpenzotest.nl\/de\/wp-json\/wp\/v2\/media?parent=1975"}],"wp:term":[{"taxonomy":"product_brand","embeddable":true,"href":"https:\/\/ontwerpenzotest.nl\/de\/wp-json\/wp\/v2\/product_brand?post=1975"},{"taxonomy":"product_cat","embeddable":true,"href":"https:\/\/ontwerpenzotest.nl\/de\/wp-json\/wp\/v2\/product_cat?post=1975"},{"taxonomy":"product_tag","embeddable":true,"href":"https:\/\/ontwerpenzotest.nl\/de\/wp-json\/wp\/v2\/product_tag?post=1975"}],"curies":[{"name":"wp","href":"https:\/\/api.w.org\/{rel}","templated":true}]}}