{"id":1980,"date":"2016-09-22T08:35:07","date_gmt":"2016-09-22T07:35:07","guid":{"rendered":"https:\/\/ontwerpenzotest.nl\/de\/?post_type=product&#038;p=1980"},"modified":"2016-09-22T08:35:07","modified_gmt":"2016-09-22T07:35:07","slug":"waeschesammler-aus-rostfreiem-stahl-typ-shut","status":"publish","type":"product","link":"https:\/\/ontwerpenzotest.nl\/de\/product\/waeschesammler-aus-rostfreiem-stahl-typ-shut\/","title":{"rendered":"W\u00e4schesammler aus rostfreiem Stahl (Typ SHUT)"},"content":{"rendered":"","protected":false},"excerpt":{"rendered":"<p>Der SHUT verf\u00fcgt \u00fcber ein besonderes Verschlusssystem durch ein einfaches Pedal. Dadurch wird die bakterielle Verschmutzung reduziert. Lieferbar in zwei Standardversionen f\u00fcr 70 L-und 40 L-S\u00e4cke. Der SHUT ist ausgestattet mit 4 Lenkrollen, wovon die vorderen 2 Rollen \u00fcber eine Bremse verf\u00fcgen. <\/p>\n<table>\n<tbody>\n<tr>\n<th>Art.nr.<\/th>\n<th>Abmessungen<\/th>\n<th>Inhalt<\/th>\n<\/tr>\n<tr>\n<td>VCSHUT40<\/td>\n<td>600x500x990 mm<\/td>\n<td>40 liter<\/td>\n<\/tr>\n<tr>\n<td>VCSHUT70<\/td>\n<td>600x500x830 mm<\/td>\n<td>70 liter<\/td>\n<\/tr>\n<\/tbody>\n<\/table>\n<p>Es k\u00f6nnen auch 2 SHUT W\u00e4schesammler aneinandergekoppelt werden. Das ist dann der SHUT2. <\/p>\n<p>&nbsp;<\/p>\n<p><strong>Optionen erh\u00e4ltlich f\u00fcr alle Typen SHUT:<\/strong><\/p>\n<table class=\" aligncenter\">\n<tbody>\n<tr>\n<td>\n[caption id=\"attachment_275\" align=\"alignnone\" width=\"150\"]<a href=\"http:\/\/ontwerpenzotest.nl\/wp-content\/uploads\/2015\/02\/optie_shut_01.png\"><img alt=\"\" decoding=\"async\" class=\"wp-image-275 size-thumbnail\" src=\"http:\/\/ontwerpenzotest.nl\/wp-content\/uploads\/2015\/02\/optie_shut_01-150x150.png\" alt=\"\" width=\"150\" height=\"150\" srcset=\"https:\/\/ontwerpenzotest.nl\/wp-content\/uploads\/2015\/02\/optie_shut_01-150x150.png 150w, https:\/\/ontwerpenzotest.nl\/wp-content\/uploads\/2015\/02\/optie_shut_01-500x500.png 500w, https:\/\/ontwerpenzotest.nl\/wp-content\/uploads\/2015\/02\/optie_shut_01-100x100.png 100w, https:\/\/ontwerpenzotest.nl\/wp-content\/uploads\/2015\/02\/optie_shut_01-195x195.png 195w\" sizes=\"(max-width: 150px) 100vw, 150px\" \/><\/a> Pedaal connectiesysteem tussen een AXLBC wasverzamelaar en SHUT.[\/caption]\n<p>&nbsp;<\/p>\n<p>&nbsp;<\/td>\n<td>\n[caption id=\"attachment_276\" align=\"alignnone\" width=\"150\"]<a href=\"http:\/\/ontwerpenzotest.nl\/wp-content\/uploads\/2015\/02\/optie_shut_02.png\"><img alt=\"\" decoding=\"async\" class=\"wp-image-276 size-thumbnail\" src=\"http:\/\/ontwerpenzotest.nl\/wp-content\/uploads\/2015\/02\/optie_shut_02-150x150.png\" alt=\"\" width=\"150\" height=\"150\" srcset=\"https:\/\/ontwerpenzotest.nl\/wp-content\/uploads\/2015\/02\/optie_shut_02-150x150.png 150w, https:\/\/ontwerpenzotest.nl\/wp-content\/uploads\/2015\/02\/optie_shut_02-500x500.png 500w, https:\/\/ontwerpenzotest.nl\/wp-content\/uploads\/2015\/02\/optie_shut_02-100x100.png 100w, https:\/\/ontwerpenzotest.nl\/wp-content\/uploads\/2015\/02\/optie_shut_02-195x195.png 195w\" sizes=\"(max-width: 150px) 100vw, 150px\" \/><\/a> Verbindingsmodule tussen een AXLBC wasverzamelaar en SHUT.[\/caption]\n<p>&nbsp;<\/p>\n<p>&nbsp;<\/p>\n<p>&nbsp;<\/p>\n<p>&nbsp;<\/p>\n<p>&nbsp;<\/td>\n<\/tr>\n<\/tbody>\n<\/table>\n","protected":false},"featured_media":651,"template":"","meta":{"_seopress_robots_primary_cat":"","_seopress_titles_title":"","_seopress_titles_desc":"","_seopress_robots_index":""},"product_brand":[],"product_cat":[218],"product_tag":[],"class_list":{"0":"post-1980","1":"product","2":"type-product","3":"status-publish","4":"has-post-thumbnail","6":"product_cat-wash-abfallsammler","8":"first","9":"instock","10":"shipping-taxable","11":"product-type-simple"},"_links":{"self":[{"href":"https:\/\/ontwerpenzotest.nl\/de\/wp-json\/wp\/v2\/product\/1980","targetHints":{"allow":["GET"]}}],"collection":[{"href":"https:\/\/ontwerpenzotest.nl\/de\/wp-json\/wp\/v2\/product"}],"about":[{"href":"https:\/\/ontwerpenzotest.nl\/de\/wp-json\/wp\/v2\/types\/product"}],"wp:featuredmedia":[{"embeddable":true,"href":"https:\/\/ontwerpenzotest.nl\/de\/wp-json\/wp\/v2\/media\/651"}],"wp:attachment":[{"href":"https:\/\/ontwerpenzotest.nl\/de\/wp-json\/wp\/v2\/media?parent=1980"}],"wp:term":[{"taxonomy":"product_brand","embeddable":true,"href":"https:\/\/ontwerpenzotest.nl\/de\/wp-json\/wp\/v2\/product_brand?post=1980"},{"taxonomy":"product_cat","embeddable":true,"href":"https:\/\/ontwerpenzotest.nl\/de\/wp-json\/wp\/v2\/product_cat?post=1980"},{"taxonomy":"product_tag","embeddable":true,"href":"https:\/\/ontwerpenzotest.nl\/de\/wp-json\/wp\/v2\/product_tag?post=1980"}],"curies":[{"name":"wp","href":"https:\/\/api.w.org\/{rel}","templated":true}]}}