{"id":1981,"date":"2016-09-22T08:39:07","date_gmt":"2016-09-22T07:39:07","guid":{"rendered":"https:\/\/ontwerpenzotest.nl\/de\/?post_type=product&#038;p=1981"},"modified":"2016-09-22T08:39:07","modified_gmt":"2016-09-22T07:39:07","slug":"waeschesammler-aus-rostfreiem-stahl-typ-axlbc","status":"publish","type":"product","link":"https:\/\/ontwerpenzotest.nl\/de\/product\/waeschesammler-aus-rostfreiem-stahl-typ-axlbc\/","title":{"rendered":"W\u00e4schesammler aus rostfreiem Stahl (Typ AXLBC)"},"content":{"rendered":"","protected":false},"excerpt":{"rendered":"<table>\n<tbody>\n<tr>\n<th>Art.nr.<\/th>\n<th>Ringe<\/th>\n<th>Abmessungen<\/th>\n<\/tr>\n<tr>\n<td>VCAXLBC1<\/td>\n<td>1<\/td>\n<td>500x380x920 mm<\/td>\n<\/tr>\n<tr>\n<td>VCAXLBC2<\/td>\n<td>2<\/td>\n<td>730x500x920mm<\/td>\n<\/tr>\n<tr>\n<td>VCAXLBC3<\/td>\n<td>3<\/td>\n<td>1080x500x920mm<\/td>\n<\/tr>\n<tr>\n<td>VCAXLBC4<\/td>\n<td>4<\/td>\n<td>1010x730x920mm<\/td>\n<\/tr>\n<tr>\n<td>VCAXLBC4Q<\/td>\n<td>4 blok<\/td>\n<td>1430x500x920mm<\/td>\n<\/tr>\n<\/tbody>\n<\/table>\n<p>&nbsp;<\/p>\n<p><strong>Optionen erh\u00e4ltlich f\u00fcr die W\u00e4schesammler LBC und AXLBC:<\/strong><\/p>\n<table class=\" aligncenter\">\n<tbody>\n<tr>\n<td>\n[caption id=\"attachment_259\" align=\"alignnone\" width=\"150\"]<a href=\"http:\/\/ontwerpenzotest.nl\/wp-content\/uploads\/2015\/02\/deksels.png\"><img decoding=\"async\" class=\"wp-image-259 size-thumbnail\" src=\"http:\/\/ontwerpenzotest.nl\/wp-content\/uploads\/2015\/02\/deksels-150x150.png\" alt=\"deksels\" width=\"150\" height=\"150\" srcset=\"https:\/\/ontwerpenzotest.nl\/wp-content\/uploads\/2015\/02\/deksels-150x150.png 150w, https:\/\/ontwerpenzotest.nl\/wp-content\/uploads\/2015\/02\/deksels-500x500.png 500w, https:\/\/ontwerpenzotest.nl\/wp-content\/uploads\/2015\/02\/deksels-100x100.png 100w, https:\/\/ontwerpenzotest.nl\/wp-content\/uploads\/2015\/02\/deksels-195x195.png 195w\" sizes=\"(max-width: 150px) 100vw, 150px\" \/><\/a> Verschillende kleuren deksels (kleur bruin is NIET meer leverbaar)[\/caption]\n[caption id=\"attachment_262\" align=\"alignnone\" width=\"150\"]<a href=\"http:\/\/ontwerpenzotest.nl\/wp-content\/uploads\/2015\/02\/duwbeugel.png\"><img decoding=\"async\" class=\"wp-image-262 size-thumbnail\" src=\"http:\/\/ontwerpenzotest.nl\/wp-content\/uploads\/2015\/02\/duwbeugel-150x150.png\" alt=\"duwbeugel\" width=\"150\" height=\"150\" srcset=\"https:\/\/ontwerpenzotest.nl\/wp-content\/uploads\/2015\/02\/duwbeugel-150x150.png 150w, https:\/\/ontwerpenzotest.nl\/wp-content\/uploads\/2015\/02\/duwbeugel-500x500.png 500w, https:\/\/ontwerpenzotest.nl\/wp-content\/uploads\/2015\/02\/duwbeugel-100x100.png 100w, https:\/\/ontwerpenzotest.nl\/wp-content\/uploads\/2015\/02\/duwbeugel-195x195.png 195w\" sizes=\"(max-width: 150px) 100vw, 150px\" \/><\/a> Duwbeugel[\/caption]\n<p>&nbsp;<\/td>\n<td>\n[caption id=\"attachment_260\" align=\"alignnone\" width=\"150\"]<a href=\"http:\/\/ontwerpenzotest.nl\/wp-content\/uploads\/2015\/02\/voetbediening.png\"><img decoding=\"async\" class=\"wp-image-260 size-thumbnail\" src=\"http:\/\/ontwerpenzotest.nl\/wp-content\/uploads\/2015\/02\/voetbediening-150x150.png\" alt=\"voetbediening\" width=\"150\" height=\"150\" srcset=\"https:\/\/ontwerpenzotest.nl\/wp-content\/uploads\/2015\/02\/voetbediening-150x150.png 150w, https:\/\/ontwerpenzotest.nl\/wp-content\/uploads\/2015\/02\/voetbediening-500x500.png 500w, https:\/\/ontwerpenzotest.nl\/wp-content\/uploads\/2015\/02\/voetbediening-100x100.png 100w, https:\/\/ontwerpenzotest.nl\/wp-content\/uploads\/2015\/02\/voetbediening-195x195.png 195w\" sizes=\"(max-width: 150px) 100vw, 150px\" \/><\/a> Voetbediening[\/caption]\n[caption id=\"attachment_263\" align=\"alignnone\" width=\"150\"]<a href=\"http:\/\/ontwerpenzotest.nl\/wp-content\/uploads\/2015\/02\/kunststofbodemplaat.png\"><img loading=\"lazy\" decoding=\"async\" class=\"wp-image-263 size-thumbnail\" src=\"http:\/\/ontwerpenzotest.nl\/wp-content\/uploads\/2015\/02\/kunststofbodemplaat-150x150.png\" alt=\"kunststofbodemplaat\" width=\"150\" height=\"150\" srcset=\"https:\/\/ontwerpenzotest.nl\/wp-content\/uploads\/2015\/02\/kunststofbodemplaat-150x150.png 150w, https:\/\/ontwerpenzotest.nl\/wp-content\/uploads\/2015\/02\/kunststofbodemplaat-500x500.png 500w, https:\/\/ontwerpenzotest.nl\/wp-content\/uploads\/2015\/02\/kunststofbodemplaat-100x100.png 100w, https:\/\/ontwerpenzotest.nl\/wp-content\/uploads\/2015\/02\/kunststofbodemplaat-195x195.png 195w\" sizes=\"(max-width: 150px) 100vw, 150px\" \/><\/a> Kunststof bodemplaat (alleen voor de AXLBC types)[\/caption]\n<p>&nbsp;<\/p>\n<p>&nbsp;<\/p>\n<p>&nbsp;<\/p>\n<p>&nbsp;<\/td>\n<\/tr>\n<\/tbody>\n<\/table>\n","protected":false},"featured_media":678,"template":"","meta":{"_seopress_robots_primary_cat":"","_seopress_titles_title":"","_seopress_titles_desc":"","_seopress_robots_index":""},"product_brand":[],"product_cat":[218],"product_tag":[],"class_list":{"0":"post-1981","1":"product","2":"type-product","3":"status-publish","4":"has-post-thumbnail","6":"product_cat-wash-abfallsammler","8":"first","9":"instock","10":"shipping-taxable","11":"product-type-simple"},"_links":{"self":[{"href":"https:\/\/ontwerpenzotest.nl\/de\/wp-json\/wp\/v2\/product\/1981","targetHints":{"allow":["GET"]}}],"collection":[{"href":"https:\/\/ontwerpenzotest.nl\/de\/wp-json\/wp\/v2\/product"}],"about":[{"href":"https:\/\/ontwerpenzotest.nl\/de\/wp-json\/wp\/v2\/types\/product"}],"wp:featuredmedia":[{"embeddable":true,"href":"https:\/\/ontwerpenzotest.nl\/de\/wp-json\/wp\/v2\/media\/678"}],"wp:attachment":[{"href":"https:\/\/ontwerpenzotest.nl\/de\/wp-json\/wp\/v2\/media?parent=1981"}],"wp:term":[{"taxonomy":"product_brand","embeddable":true,"href":"https:\/\/ontwerpenzotest.nl\/de\/wp-json\/wp\/v2\/product_brand?post=1981"},{"taxonomy":"product_cat","embeddable":true,"href":"https:\/\/ontwerpenzotest.nl\/de\/wp-json\/wp\/v2\/product_cat?post=1981"},{"taxonomy":"product_tag","embeddable":true,"href":"https:\/\/ontwerpenzotest.nl\/de\/wp-json\/wp\/v2\/product_tag?post=1981"}],"curies":[{"name":"wp","href":"https:\/\/api.w.org\/{rel}","templated":true}]}}