{"id":1983,"date":"2016-09-22T08:50:31","date_gmt":"2016-09-22T07:50:31","guid":{"rendered":"https:\/\/ontwerpenzotest.nl\/de\/?post_type=product&#038;p=1983"},"modified":"2016-09-22T08:50:31","modified_gmt":"2016-09-22T07:50:31","slug":"kleiderhaengewagen","status":"publish","type":"product","link":"https:\/\/ontwerpenzotest.nl\/de\/product\/kleiderhaengewagen\/","title":{"rendered":"Kleiderh\u00e4ngewagen"},"content":{"rendered":"","protected":false},"excerpt":{"rendered":"<p>Dieses Kleidungsreck gestaltet die Lagerung und den Transport Ihrer Kleiderstangen sehr komfortabel. Durch die Gummirollen sehr einfach zu verschieben. Neben dem kompletten Standardwagen, kann das Kleidungsreck gem\u00e4\u00df Ihren eigenen W\u00fcnschen nach Ma\u00df gefertigt werden. <\/p>\n<p>&nbsp;<\/p>\n<table>\n<tbody>\n<tr>\n<th>Art.-Nr.<\/th>\n<th>Abmessungen au\u00dfen<\/th>\n<\/tr>\n<tr>\n<td>VI161-200-00W<\/td>\n<td><\/td>\n<\/tr>\n<tr>\n<td>VI161-300-00G<\/td>\n<td><\/td>\n<\/tr>\n<tr>\n<td>VI161-400-00G<\/td>\n<td>430&#215;1000 mm<\/td>\n<\/tr>\n<tr>\n<td>VI161-500-00E<\/td>\n<td><\/td>\n<\/tr>\n<tr>\n<td>VI161-500-00E<\/td>\n<td><\/td>\n<\/tr>\n<tr>\n<td>VI161-600-00E<\/td>\n<td>930x660x1275 mm<\/td>\n<\/tr>\n<tr>\n<td>VI161-700-00G<\/td>\n<td><\/td>\n<\/tr>\n<\/tbody>\n<\/table>\n<p>&nbsp;<\/p>\n","protected":false},"featured_media":249,"template":"","meta":{"_seopress_robots_primary_cat":"","_seopress_titles_title":"","_seopress_titles_desc":"","_seopress_robots_index":""},"product_brand":[],"product_cat":[195],"product_tag":[],"class_list":{"0":"post-1983","1":"product","2":"type-product","3":"status-publish","4":"has-post-thumbnail","6":"product_cat-coathanger-autos","8":"first","9":"instock","10":"shipping-taxable","11":"product-type-simple"},"_links":{"self":[{"href":"https:\/\/ontwerpenzotest.nl\/de\/wp-json\/wp\/v2\/product\/1983","targetHints":{"allow":["GET"]}}],"collection":[{"href":"https:\/\/ontwerpenzotest.nl\/de\/wp-json\/wp\/v2\/product"}],"about":[{"href":"https:\/\/ontwerpenzotest.nl\/de\/wp-json\/wp\/v2\/types\/product"}],"wp:featuredmedia":[{"embeddable":true,"href":"https:\/\/ontwerpenzotest.nl\/de\/wp-json\/wp\/v2\/media\/249"}],"wp:attachment":[{"href":"https:\/\/ontwerpenzotest.nl\/de\/wp-json\/wp\/v2\/media?parent=1983"}],"wp:term":[{"taxonomy":"product_brand","embeddable":true,"href":"https:\/\/ontwerpenzotest.nl\/de\/wp-json\/wp\/v2\/product_brand?post=1983"},{"taxonomy":"product_cat","embeddable":true,"href":"https:\/\/ontwerpenzotest.nl\/de\/wp-json\/wp\/v2\/product_cat?post=1983"},{"taxonomy":"product_tag","embeddable":true,"href":"https:\/\/ontwerpenzotest.nl\/de\/wp-json\/wp\/v2\/product_tag?post=1983"}],"curies":[{"name":"wp","href":"https:\/\/api.w.org\/{rel}","templated":true}]}}