{"id":1995,"date":"2016-09-22T09:00:35","date_gmt":"2016-09-22T08:00:35","guid":{"rendered":"https:\/\/ontwerpenzotest.nl\/de\/?post_type=product&#038;p=1995"},"modified":"2016-09-22T09:01:46","modified_gmt":"2016-09-22T08:01:46","slug":"sortierwagen","status":"publish","type":"product","link":"https:\/\/ontwerpenzotest.nl\/de\/product\/sortierwagen\/","title":{"rendered":"Sortierwagen"},"content":{"rendered":"","protected":false},"excerpt":{"rendered":"<p>Der Sortierwagen, oder auch personengebundene G\u00fcterwagen genannt, kann auf jede willk\u00fcrliche Art nach Ihren eignen W\u00fcnschen eingeteilt werden. Alle erdenklichen H\u00f6hen, Tiefe und Facheinteilungen sind m\u00f6glich. <\/p>\n<p>Lieferbar in verschiedenen Ausf\u00fchrungen, u.a.:<\/p>\n<table class=\"half\">\n<tbody>\n<tr>\n<th>Anzahl F\u00e4cher<\/th>\n<th>Abmessungen au\u00dfen in mm.<\/th>\n<\/tr>\n<tr>\n<td>8<\/td>\n<td>610x456x1800<\/td>\n<\/tr>\n<tr>\n<td>10<\/td>\n<td>610x456x1800<\/td>\n<\/tr>\n<tr>\n<td>10<\/td>\n<td>912x456x1800<\/td>\n<\/tr>\n<tr>\n<td>12<\/td>\n<td>912x456x1800<\/td>\n<\/tr>\n<tr>\n<td>12<\/td>\n<td>912x456x1800<\/td>\n<\/tr>\n<tr>\n<td>15<\/td>\n<td>1217x456x1800<\/td>\n<\/tr>\n<tr>\n<td>15<\/td>\n<td>1520x456x1800<\/td>\n<\/tr>\n<\/tbody>\n<\/table>\n<p>&nbsp;<\/p>\n<table class=\"half\">\n<tbody>\n<tr>\n<th>Anzahl F\u00e4cher<\/th>\n<th>Abmessungen au\u00dfen in mm.<\/th>\n<\/tr>\n<tr>\n<td>16<\/td>\n<td>1217x456x1800<\/td>\n<\/tr>\n<tr>\n<td>20<\/td>\n<td>1520x456x1800<\/td>\n<\/tr>\n<tr>\n<td>20<\/td>\n<td>1826x456x1800<\/td>\n<\/tr>\n<tr>\n<td>20<\/td>\n<td>1217x456x1800<\/td>\n<\/tr>\n<tr>\n<td>24<\/td>\n<td>1826x456x1800<\/td>\n<\/tr>\n<tr>\n<td>25<\/td>\n<td>1520x456x1800<\/td>\n<\/tr>\n<tr>\n<td>30<\/td>\n<td>1826x456x1800<\/td>\n<\/tr>\n<\/tbody>\n<\/table>\n","protected":false},"featured_media":557,"template":"","meta":{"_seopress_robots_primary_cat":"","_seopress_titles_title":"","_seopress_titles_desc":"","_seopress_robots_index":""},"product_brand":[],"product_cat":[216],"product_tag":[],"class_list":{"0":"post-1995","1":"product","2":"type-product","3":"status-publish","4":"has-post-thumbnail","6":"product_cat-sortierwagen","8":"first","9":"instock","10":"shipping-taxable","11":"product-type-simple"},"_links":{"self":[{"href":"https:\/\/ontwerpenzotest.nl\/de\/wp-json\/wp\/v2\/product\/1995","targetHints":{"allow":["GET"]}}],"collection":[{"href":"https:\/\/ontwerpenzotest.nl\/de\/wp-json\/wp\/v2\/product"}],"about":[{"href":"https:\/\/ontwerpenzotest.nl\/de\/wp-json\/wp\/v2\/types\/product"}],"wp:featuredmedia":[{"embeddable":true,"href":"https:\/\/ontwerpenzotest.nl\/de\/wp-json\/wp\/v2\/media\/557"}],"wp:attachment":[{"href":"https:\/\/ontwerpenzotest.nl\/de\/wp-json\/wp\/v2\/media?parent=1995"}],"wp:term":[{"taxonomy":"product_brand","embeddable":true,"href":"https:\/\/ontwerpenzotest.nl\/de\/wp-json\/wp\/v2\/product_brand?post=1995"},{"taxonomy":"product_cat","embeddable":true,"href":"https:\/\/ontwerpenzotest.nl\/de\/wp-json\/wp\/v2\/product_cat?post=1995"},{"taxonomy":"product_tag","embeddable":true,"href":"https:\/\/ontwerpenzotest.nl\/de\/wp-json\/wp\/v2\/product_tag?post=1995"}],"curies":[{"name":"wp","href":"https:\/\/api.w.org\/{rel}","templated":true}]}}