{"id":2009,"date":"2016-09-22T09:51:29","date_gmt":"2016-09-22T08:51:29","guid":{"rendered":"https:\/\/ontwerpenzotest.nl\/de\/?post_type=product&#038;p=2009"},"modified":"2016-09-22T09:52:20","modified_gmt":"2016-09-22T08:52:20","slug":"steriler-container-mit-drei-faechern","status":"publish","type":"product","link":"https:\/\/ontwerpenzotest.nl\/de\/product\/steriler-container-mit-drei-faechern\/","title":{"rendered":"Steriler Container mit drei F\u00e4chern"},"content":{"rendered":"","protected":false},"excerpt":{"rendered":"<p>Diese sterilen Transportwagen eignen sich ausgezeichnet f\u00fcr Krankenh\u00e4user und Versorgungsheime. <\/p>\n<p>Sie sind aus anodisiertem Aluminium gefertigt und mit 1, 2 oder drei F\u00e4chern erh\u00e4ltlich. Die T\u00fcren lassen sich in einem 270 Grad Winkel \u00f6ffnen und k\u00f6nnen an den Seitenfl\u00e4chen des Wagens mit einem Magneten befestigt werden, sodass sie im ge\u00f6ffneten Zustand keinen zus\u00e4tzlichen Platz einnehmen. Die Container sind standardm\u00e4\u00dfig mit zwei Lenkrollen und 2 Bockrollen ausgestattet. <\/p>\n<table>\n<tbody>\n<tr>\n<th>Art.-Nr.<\/th>\n<th>F\u00e4cher<\/th>\n<th>Guide<\/th>\n<th>Abm. Innen (mm)<\/th>\n<th>Abm. Au\u00dfen (mm)<\/th>\n<th>Rollen<\/th>\n<\/tr>\n<tr>\n<td>VCN204ISO3<\/td>\n<td>3(x12)<\/td>\n<td>36<\/td>\n<td>1325x625x1440 h.<\/td>\n<td>1430x710x1750 h.<\/td>\n<td>200<\/td>\n<\/tr>\n<tr>\n<td>VCN204ISO3B<\/td>\n<td>3(x9)<\/td>\n<td>27<\/td>\n<td>1325x625x1190 h.<\/td>\n<td>1430x710x1500 h.<\/td>\n<td>200<\/td>\n<\/tr>\n<\/tbody>\n<\/table>\n","protected":false},"featured_media":664,"template":"","meta":{"_seopress_robots_primary_cat":"","_seopress_titles_title":"","_seopress_titles_desc":"","_seopress_robots_index":""},"product_brand":[],"product_cat":[214],"product_tag":[],"class_list":{"0":"post-2009","1":"product","2":"type-product","3":"status-publish","4":"has-post-thumbnail","6":"product_cat-steriler-transport","8":"first","9":"instock","10":"shipping-taxable","11":"product-type-simple"},"_links":{"self":[{"href":"https:\/\/ontwerpenzotest.nl\/de\/wp-json\/wp\/v2\/product\/2009","targetHints":{"allow":["GET"]}}],"collection":[{"href":"https:\/\/ontwerpenzotest.nl\/de\/wp-json\/wp\/v2\/product"}],"about":[{"href":"https:\/\/ontwerpenzotest.nl\/de\/wp-json\/wp\/v2\/types\/product"}],"wp:featuredmedia":[{"embeddable":true,"href":"https:\/\/ontwerpenzotest.nl\/de\/wp-json\/wp\/v2\/media\/664"}],"wp:attachment":[{"href":"https:\/\/ontwerpenzotest.nl\/de\/wp-json\/wp\/v2\/media?parent=2009"}],"wp:term":[{"taxonomy":"product_brand","embeddable":true,"href":"https:\/\/ontwerpenzotest.nl\/de\/wp-json\/wp\/v2\/product_brand?post=2009"},{"taxonomy":"product_cat","embeddable":true,"href":"https:\/\/ontwerpenzotest.nl\/de\/wp-json\/wp\/v2\/product_cat?post=2009"},{"taxonomy":"product_tag","embeddable":true,"href":"https:\/\/ontwerpenzotest.nl\/de\/wp-json\/wp\/v2\/product_tag?post=2009"}],"curies":[{"name":"wp","href":"https:\/\/api.w.org\/{rel}","templated":true}]}}