{"id":2010,"date":"2016-09-22T09:54:33","date_gmt":"2016-09-22T08:54:33","guid":{"rendered":"https:\/\/ontwerpenzotest.nl\/de\/?post_type=product&#038;p=2010"},"modified":"2016-09-22T09:54:33","modified_gmt":"2016-09-22T08:54:33","slug":"servierwagen-alu","status":"publish","type":"product","link":"https:\/\/ontwerpenzotest.nl\/de\/product\/servierwagen-alu\/","title":{"rendered":"Servierwagen Alu"},"content":{"rendered":"","protected":false},"excerpt":{"rendered":"<p>Dieser Servierwagen aus Aluminium ist leicht und lieferbar mit 2 oder 3 Ebenen&#038;\u2019039 mit offenen Seiten. Sehr wendig durch die standardm\u00e4\u00dfig montierten Lenkrollen. Au\u00dferdem mit Sto\u00dfschutz ausgestattet. <\/p>\n<p><strong>Optional:<\/strong><\/p>\n<ul>\n<li>Gebremste Lenkrolle<\/li>\n<\/ul>\n<p>&nbsp;<\/p>\n<table>\n<tbody>\n<tr>\n<th>Art.nr.<\/th>\n<th>Ebenen&#038;#039<\/th>\n<th>Amb. Ebenen&#038;#039<\/th>\n<th>\u00c4u\u00dfere Abmessungen<\/th>\n<\/tr>\n<tr>\n<td>VC177 LL<\/td>\n<td>2<\/td>\n<td>235&#215;735<\/td>\n<td>970x620x880<\/td>\n<\/tr>\n<tr>\n<td>VC177 LL3<\/td>\n<td>3<\/td>\n<td>235x475x735<\/td>\n<td>970x620x880<\/td>\n<\/tr>\n<\/tbody>\n<\/table>\n","protected":false},"featured_media":649,"template":"","meta":{"_seopress_robots_primary_cat":"","_seopress_titles_title":"","_seopress_titles_desc":"","_seopress_robots_index":""},"product_brand":[],"product_cat":[211],"product_tag":[],"class_list":{"0":"post-2010","1":"product","2":"type-product","3":"status-publish","4":"has-post-thumbnail","6":"product_cat-servierwagen","8":"first","9":"instock","10":"shipping-taxable","11":"product-type-simple"},"_links":{"self":[{"href":"https:\/\/ontwerpenzotest.nl\/de\/wp-json\/wp\/v2\/product\/2010","targetHints":{"allow":["GET"]}}],"collection":[{"href":"https:\/\/ontwerpenzotest.nl\/de\/wp-json\/wp\/v2\/product"}],"about":[{"href":"https:\/\/ontwerpenzotest.nl\/de\/wp-json\/wp\/v2\/types\/product"}],"wp:featuredmedia":[{"embeddable":true,"href":"https:\/\/ontwerpenzotest.nl\/de\/wp-json\/wp\/v2\/media\/649"}],"wp:attachment":[{"href":"https:\/\/ontwerpenzotest.nl\/de\/wp-json\/wp\/v2\/media?parent=2010"}],"wp:term":[{"taxonomy":"product_brand","embeddable":true,"href":"https:\/\/ontwerpenzotest.nl\/de\/wp-json\/wp\/v2\/product_brand?post=2010"},{"taxonomy":"product_cat","embeddable":true,"href":"https:\/\/ontwerpenzotest.nl\/de\/wp-json\/wp\/v2\/product_cat?post=2010"},{"taxonomy":"product_tag","embeddable":true,"href":"https:\/\/ontwerpenzotest.nl\/de\/wp-json\/wp\/v2\/product_tag?post=2010"}],"curies":[{"name":"wp","href":"https:\/\/api.w.org\/{rel}","templated":true}]}}