{"id":2012,"date":"2016-09-22T10:01:56","date_gmt":"2016-09-22T09:01:56","guid":{"rendered":"https:\/\/ontwerpenzotest.nl\/de\/?post_type=product&#038;p=2012"},"modified":"2016-09-22T10:01:56","modified_gmt":"2016-09-22T09:01:56","slug":"brotwagen","status":"publish","type":"product","link":"https:\/\/ontwerpenzotest.nl\/de\/product\/brotwagen\/","title":{"rendered":"Brotwagen"},"content":{"rendered":"","protected":false},"excerpt":{"rendered":"<p>Die Brotcontainer von VTS wurden unter anderem an die B\u00e4ckereien von ALDI und LIDL geliefert. Erh\u00e4ltlich in verschiedenen Ausf\u00fchrungen. <\/p>\n<p>Auch gem\u00e4\u00df Ihren Spezifikationen erh\u00e4ltlich. <\/p>\n","protected":false},"featured_media":194,"template":"","meta":{"_seopress_robots_primary_cat":"","_seopress_titles_title":"","_seopress_titles_desc":"","_seopress_robots_index":""},"product_brand":[],"product_cat":[188],"product_tag":[],"class_list":{"0":"post-2012","1":"product","2":"type-product","3":"status-publish","4":"has-post-thumbnail","6":"product_cat-baeckerei-rollcontainer","8":"first","9":"instock","10":"shipping-taxable","11":"product-type-simple"},"_links":{"self":[{"href":"https:\/\/ontwerpenzotest.nl\/de\/wp-json\/wp\/v2\/product\/2012","targetHints":{"allow":["GET"]}}],"collection":[{"href":"https:\/\/ontwerpenzotest.nl\/de\/wp-json\/wp\/v2\/product"}],"about":[{"href":"https:\/\/ontwerpenzotest.nl\/de\/wp-json\/wp\/v2\/types\/product"}],"wp:featuredmedia":[{"embeddable":true,"href":"https:\/\/ontwerpenzotest.nl\/de\/wp-json\/wp\/v2\/media\/194"}],"wp:attachment":[{"href":"https:\/\/ontwerpenzotest.nl\/de\/wp-json\/wp\/v2\/media?parent=2012"}],"wp:term":[{"taxonomy":"product_brand","embeddable":true,"href":"https:\/\/ontwerpenzotest.nl\/de\/wp-json\/wp\/v2\/product_brand?post=2012"},{"taxonomy":"product_cat","embeddable":true,"href":"https:\/\/ontwerpenzotest.nl\/de\/wp-json\/wp\/v2\/product_cat?post=2012"},{"taxonomy":"product_tag","embeddable":true,"href":"https:\/\/ontwerpenzotest.nl\/de\/wp-json\/wp\/v2\/product_tag?post=2012"}],"curies":[{"name":"wp","href":"https:\/\/api.w.org\/{rel}","templated":true}]}}