{"id":2013,"date":"2016-09-22T10:04:59","date_gmt":"2016-09-22T09:04:59","guid":{"rendered":"https:\/\/ontwerpenzotest.nl\/de\/?post_type=product&#038;p=2013"},"modified":"2017-06-20T08:59:19","modified_gmt":"2017-06-20T07:59:19","slug":"nestbare-rollcontainer-basis-xl","status":"publish","type":"product","link":"https:\/\/ontwerpenzotest.nl\/de\/product\/nestbare-rollcontainer-basis-xl\/","title":{"rendered":"Zusammenschiebbare Container"},"content":{"rendered":"","protected":false},"excerpt":{"rendered":"<p>Dieser einfach nestbare Rollcontainer ist mit dem bekannten A Frame ausgestattet. Die Seitenwandscharniere an der festen R\u00fcckwand, genau wie das Bodenprofil. Auf Anfrage ist dieser Container mit anderen Abmessungen der Seitengitter und der R\u00fcckwand lieferbar. Standardm\u00e4\u00dfig ist dieser mit wei\u00dfen Kunststoffrollen (PP) mit einem Durchmesser von 125 mm ausgestattet. <\/p>\n<p>&nbsp;<\/p>\n<table>\n<tbody>\n<tr>\n<th>Art.-Nr.<\/th>\n<th>Abmessungen au\u00dfen<\/th>\n<\/tr>\n<tr>\n<td><\/td>\n<td>720x800x1850 mm<\/td>\n<\/tr>\n<\/tbody>\n<\/table>\n","protected":false},"featured_media":645,"template":"","meta":{"_seopress_robots_primary_cat":"","_seopress_titles_title":"","_seopress_titles_desc":"","_seopress_robots_index":""},"product_brand":[],"product_cat":[210],"product_tag":[],"class_list":{"0":"post-2013","1":"product","2":"type-product","3":"status-publish","4":"has-post-thumbnail","6":"product_cat-rollcontainer","8":"first","9":"instock","10":"shipping-taxable","11":"product-type-simple"},"_links":{"self":[{"href":"https:\/\/ontwerpenzotest.nl\/de\/wp-json\/wp\/v2\/product\/2013","targetHints":{"allow":["GET"]}}],"collection":[{"href":"https:\/\/ontwerpenzotest.nl\/de\/wp-json\/wp\/v2\/product"}],"about":[{"href":"https:\/\/ontwerpenzotest.nl\/de\/wp-json\/wp\/v2\/types\/product"}],"wp:featuredmedia":[{"embeddable":true,"href":"https:\/\/ontwerpenzotest.nl\/de\/wp-json\/wp\/v2\/media\/645"}],"wp:attachment":[{"href":"https:\/\/ontwerpenzotest.nl\/de\/wp-json\/wp\/v2\/media?parent=2013"}],"wp:term":[{"taxonomy":"product_brand","embeddable":true,"href":"https:\/\/ontwerpenzotest.nl\/de\/wp-json\/wp\/v2\/product_brand?post=2013"},{"taxonomy":"product_cat","embeddable":true,"href":"https:\/\/ontwerpenzotest.nl\/de\/wp-json\/wp\/v2\/product_cat?post=2013"},{"taxonomy":"product_tag","embeddable":true,"href":"https:\/\/ontwerpenzotest.nl\/de\/wp-json\/wp\/v2\/product_tag?post=2013"}],"curies":[{"name":"wp","href":"https:\/\/api.w.org\/{rel}","templated":true}]}}