{"id":2014,"date":"2016-09-22T10:09:43","date_gmt":"2016-09-22T09:09:43","guid":{"rendered":"https:\/\/ontwerpenzotest.nl\/de\/?post_type=product&#038;p=2014"},"modified":"2016-09-22T10:09:43","modified_gmt":"2016-09-22T09:09:43","slug":"waschcontainer-compact-compact-maxi","status":"publish","type":"product","link":"https:\/\/ontwerpenzotest.nl\/de\/product\/waschcontainer-compact-compact-maxi\/","title":{"rendered":"Waschcontainer \u201eCompact \/ Compact Maxi\u201c"},"content":{"rendered":"","protected":false},"excerpt":{"rendered":"<ul>\n<li>1 Boden ausgestattet mit einer schr\u00e4g platzierten Stahlbodenplatte<br \/>\nSt\u00e4rke 1,5 mm. <\/li>\n<li>1 R\u00fcckwand<\/li>\n<li>2 Seitengitter, das rechte Seitengitter ist mit Namensschild aus Aluminium ausgestattet.<\/li>\n<li>2 T\u00fcrelemente mit den gleichen Abmessungen mit Verriegelung, die T\u00fcren sind 270\u00b0 drehbar.<\/li>\n<li>2 Ebenen an der R\u00fcckwand eingeh\u00e4ngt.<\/li>\n<li>Drehbare Kleiderstange.<\/li>\n<li>2 Bock-, 2 Lenkrollen, wovon eine mit Bremse, Durchm. 125 mm, grau Gummi,<br \/>\n\tausgestattet mit Kugellager und Gewindekappe.<\/li>\n<li>Die Nachbehandlung der Container ist sehr hochwertig. Sie sind galvanisch verzinkt und dar\u00fcber hinaus mit einer zus\u00e4tzlichen Beschichtung ausgestattet, wodurch sie noch korrosionsbest\u00e4ndiger sind.<\/li>\n<\/ul>\n<table>\n<tbody>\n<tr>\n<th>Art.-Nr.<\/th>\n<th>Abmessungen au\u00dfen<\/th>\n<\/tr>\n<tr>\n<td>VR168-100-00G<\/td>\n<td>680x460x1500 mm<\/td>\n<\/tr>\n<tr>\n<td>VR168-300-00G<\/td>\n<td>820x500x1500 mm<\/td>\n<\/tr>\n<\/tbody>\n<\/table>\n","protected":false},"featured_media":185,"template":"","meta":{"_seopress_robots_primary_cat":"","_seopress_titles_title":"","_seopress_titles_desc":"","_seopress_robots_index":""},"product_brand":[],"product_cat":[220],"product_tag":[],"class_list":{"0":"post-2014","1":"product","2":"type-product","3":"status-publish","4":"has-post-thumbnail","6":"product_cat-waeschewagen-de","8":"first","9":"instock","10":"shipping-taxable","11":"product-type-simple"},"_links":{"self":[{"href":"https:\/\/ontwerpenzotest.nl\/de\/wp-json\/wp\/v2\/product\/2014","targetHints":{"allow":["GET"]}}],"collection":[{"href":"https:\/\/ontwerpenzotest.nl\/de\/wp-json\/wp\/v2\/product"}],"about":[{"href":"https:\/\/ontwerpenzotest.nl\/de\/wp-json\/wp\/v2\/types\/product"}],"wp:featuredmedia":[{"embeddable":true,"href":"https:\/\/ontwerpenzotest.nl\/de\/wp-json\/wp\/v2\/media\/185"}],"wp:attachment":[{"href":"https:\/\/ontwerpenzotest.nl\/de\/wp-json\/wp\/v2\/media?parent=2014"}],"wp:term":[{"taxonomy":"product_brand","embeddable":true,"href":"https:\/\/ontwerpenzotest.nl\/de\/wp-json\/wp\/v2\/product_brand?post=2014"},{"taxonomy":"product_cat","embeddable":true,"href":"https:\/\/ontwerpenzotest.nl\/de\/wp-json\/wp\/v2\/product_cat?post=2014"},{"taxonomy":"product_tag","embeddable":true,"href":"https:\/\/ontwerpenzotest.nl\/de\/wp-json\/wp\/v2\/product_tag?post=2014"}],"curies":[{"name":"wp","href":"https:\/\/api.w.org\/{rel}","templated":true}]}}