{"id":2016,"date":"2016-09-22T10:14:45","date_gmt":"2016-09-22T09:14:45","guid":{"rendered":"https:\/\/ontwerpenzotest.nl\/de\/?post_type=product&#038;p=2016"},"modified":"2016-09-22T10:14:45","modified_gmt":"2016-09-22T09:14:45","slug":"waeschecontainer-typ-basic","status":"publish","type":"product","link":"https:\/\/ontwerpenzotest.nl\/de\/product\/waeschecontainer-typ-basic\/","title":{"rendered":"W\u00e4schecontainer Typ \u201eBasic\u201c"},"content":{"rendered":"","protected":false},"excerpt":{"rendered":"<ul>\n<li>Der Container ist aus rechteckigen Rohren 20&#215;20 mm gefertigt<\/li>\n<li>Alle Unterteile sind mittels Schraubverbindungen miteinander verbunden<\/li>\n<li>1 Boden ausgestattet mit feinmaschiger Drahtmatte<\/li>\n<li>1 R\u00fcckgitter ausgestattet mit Draht von 6 mm und Strippe 20&#215;5 mm<\/li>\n<li>2 Seitengitter ausgestattet mit Draht 6 mm und Strippe 20&#215;5 mm<\/li>\n<li>1 Textschild am rechten Seitengitter<\/li>\n<li>Lieferbar mit verschiedenen Rollenarten<\/li>\n<li>Die Nachbehandlung dieser Container ist sehr hochwertig. Sie sind galvanisch verzinkt und dar\u00fcber hinaus mit einer zus\u00e4tzlichen Beschichtung versehen, wodurch sie noch korrosionsbest\u00e4ndiger sind.<\/li>\n<\/ul>\n<p><strong>Dieser Container bietet die folgenden Optionen:<\/strong><\/p>\n<ul>\n<li>Drehbares unteres Gitter und einklappbares oberes Gitter<\/li>\n<li>Festes unteres Gitter und einklappbares oberes Gitter<\/li>\n<\/ul>\n<table>\n<tbody>\n<tr>\n<th>Art.-Nr.<\/th>\n<th>Abmessungen au\u00dfen<\/th>\n<\/tr>\n<tr>\n<td>VR000-100-00G<\/td>\n<td>810x720x1765 mm<\/td>\n<\/tr>\n<tr>\n<td>VR000-150-00G<\/td>\n<td>810x720x1535 mm<\/td>\n<\/tr>\n<\/tbody>\n<\/table>\n","protected":false},"featured_media":603,"template":"","meta":{"_seopress_robots_primary_cat":"","_seopress_titles_title":"","_seopress_titles_desc":"","_seopress_robots_index":""},"product_brand":[],"product_cat":[198],"product_tag":[],"class_list":{"0":"post-2016","1":"product","2":"type-product","3":"status-publish","4":"has-post-thumbnail","6":"product_cat-waescherei-rollcontainer","8":"first","9":"instock","10":"shipping-taxable","11":"product-type-simple"},"_links":{"self":[{"href":"https:\/\/ontwerpenzotest.nl\/de\/wp-json\/wp\/v2\/product\/2016","targetHints":{"allow":["GET"]}}],"collection":[{"href":"https:\/\/ontwerpenzotest.nl\/de\/wp-json\/wp\/v2\/product"}],"about":[{"href":"https:\/\/ontwerpenzotest.nl\/de\/wp-json\/wp\/v2\/types\/product"}],"wp:featuredmedia":[{"embeddable":true,"href":"https:\/\/ontwerpenzotest.nl\/de\/wp-json\/wp\/v2\/media\/603"}],"wp:attachment":[{"href":"https:\/\/ontwerpenzotest.nl\/de\/wp-json\/wp\/v2\/media?parent=2016"}],"wp:term":[{"taxonomy":"product_brand","embeddable":true,"href":"https:\/\/ontwerpenzotest.nl\/de\/wp-json\/wp\/v2\/product_brand?post=2016"},{"taxonomy":"product_cat","embeddable":true,"href":"https:\/\/ontwerpenzotest.nl\/de\/wp-json\/wp\/v2\/product_cat?post=2016"},{"taxonomy":"product_tag","embeddable":true,"href":"https:\/\/ontwerpenzotest.nl\/de\/wp-json\/wp\/v2\/product_tag?post=2016"}],"curies":[{"name":"wp","href":"https:\/\/api.w.org\/{rel}","templated":true}]}}