{"id":2018,"date":"2016-09-22T10:24:26","date_gmt":"2016-09-22T09:24:26","guid":{"rendered":"https:\/\/ontwerpenzotest.nl\/de\/?post_type=product&#038;p=2018"},"modified":"2016-09-22T10:24:26","modified_gmt":"2016-09-22T09:24:26","slug":"servierwagen-aus-rostfreiem-stahlalu-155","status":"publish","type":"product","link":"https:\/\/ontwerpenzotest.nl\/de\/product\/servierwagen-aus-rostfreiem-stahlalu-155\/","title":{"rendered":"Servierwagen aus rostfreiem Stahl\/Alu"},"content":{"rendered":"","protected":false},"excerpt":{"rendered":"<p>Diese Servierwagen aus rostfreiem Stahl sind mit 2 oder 3 Ebenen&#038;#039 mit offenen Seiten lieferbar. Sehr wendig durch die standardm\u00e4\u00dfig montierten Lenkrollen. Au\u00dferdem mit Sto\u00dfschutz ausgestattet.<\/p>\n<p>Maximale Tragkraft pro Ablage 70KG<\/p>\n<table style=\"height: 77px;\" width=\"475\">\n<tbody>\n<tr>\n<th>Art.nr.<\/th>\n<th>Ebenen&#038;#039<\/th>\n<th>Abm. Ebenen &#038;#039<\/th>\n<th>\u00c4u\u00dfere Abmessungen<\/th>\n<\/tr>\n<tr>\n<td>VC177AX<\/td>\n<td>2<\/td>\n<td>220&#215;860<\/td>\n<td>970x660x950<\/td>\n<\/tr>\n<tr>\n<td>VC177AX3<\/td>\n<td>3<\/td>\n<td>2240x540x860<\/td>\n<td>960x660x950<\/td>\n<\/tr>\n<\/tbody>\n<\/table>\n","protected":false},"featured_media":650,"template":"","meta":{"_seopress_robots_primary_cat":"","_seopress_titles_title":"","_seopress_titles_desc":"","_seopress_robots_index":""},"product_brand":[],"product_cat":[211],"product_tag":[],"class_list":{"0":"post-2018","1":"product","2":"type-product","3":"status-publish","4":"has-post-thumbnail","6":"product_cat-servierwagen","8":"first","9":"instock","10":"shipping-taxable","11":"product-type-simple"},"_links":{"self":[{"href":"https:\/\/ontwerpenzotest.nl\/de\/wp-json\/wp\/v2\/product\/2018","targetHints":{"allow":["GET"]}}],"collection":[{"href":"https:\/\/ontwerpenzotest.nl\/de\/wp-json\/wp\/v2\/product"}],"about":[{"href":"https:\/\/ontwerpenzotest.nl\/de\/wp-json\/wp\/v2\/types\/product"}],"wp:featuredmedia":[{"embeddable":true,"href":"https:\/\/ontwerpenzotest.nl\/de\/wp-json\/wp\/v2\/media\/650"}],"wp:attachment":[{"href":"https:\/\/ontwerpenzotest.nl\/de\/wp-json\/wp\/v2\/media?parent=2018"}],"wp:term":[{"taxonomy":"product_brand","embeddable":true,"href":"https:\/\/ontwerpenzotest.nl\/de\/wp-json\/wp\/v2\/product_brand?post=2018"},{"taxonomy":"product_cat","embeddable":true,"href":"https:\/\/ontwerpenzotest.nl\/de\/wp-json\/wp\/v2\/product_cat?post=2018"},{"taxonomy":"product_tag","embeddable":true,"href":"https:\/\/ontwerpenzotest.nl\/de\/wp-json\/wp\/v2\/product_tag?post=2018"}],"curies":[{"name":"wp","href":"https:\/\/api.w.org\/{rel}","templated":true}]}}