{"id":2020,"date":"2016-09-22T10:28:16","date_gmt":"2016-09-22T09:28:16","guid":{"rendered":"https:\/\/ontwerpenzotest.nl\/de\/?post_type=product&#038;p=2020"},"modified":"2016-09-22T10:28:16","modified_gmt":"2016-09-22T09:28:16","slug":"waeschecontainer-typ-vts-box","status":"publish","type":"product","link":"https:\/\/ontwerpenzotest.nl\/de\/product\/waeschecontainer-typ-vts-box\/","title":{"rendered":"W\u00e4schecontainer Typ \u201eVTS BOX\u201c"},"content":{"rendered":"","protected":false},"excerpt":{"rendered":"<ul>\n<ul>\n<li>Gefertigt aus rundem Roh 19&#215;1,5 mm<\/li>\n<li>Ausgestattet mit 2 einklappbaren Ebenen, oberste Ebene mit Gelenk VTS B.B. (Patent NL1001880) versehen und unterste Ebene herabh\u00e4ngend von der Vorderseite des Containers\n<\/li>\n<li>Feinmaschige W\u00e4nde<\/li>\n<li>Ausgestattet mit fester Kleiderstange<\/li>\n<li>Seitenw\u00e4nde mit zus\u00e4tzlicher vertikaler Verstrebung ausgestattet<\/li>\n<li>Die W\u00e4nde sind durch Kunststoffklemmen miteinander verbunden<\/li>\n<li>Standardm\u00e4\u00dfig ausgestattet mit Kupplungssystem zum Klappen. Starke Ausf\u00fchrung (8 mm)<\/li>\n<li>Der Container ist mit 2 Bock- und 2 Lenkrollen ausgestattet, grau Gummi,<br \/>\nDurchmesser 125 mm, ausgestattet mit Kugellager und Gewindekappe<\/li>\n<li>Die Nachbehandlung der Container ist sehr hochwertig. Sie sind galvanisch verzinkt und dar\u00fcber hinaus mit einer zus\u00e4tzlichen Beschichtung versehen, wodurch sie noch korrosionsbest\u00e4ndiger sind.<\/li>\n<\/ul>\n<\/ul>\n<table style=\"height: 183px;\" width=\"350\">\n<tbody>\n<tr>\n<th>\n<p style=\"text-align: left;\"><strong>Art.-Nr.<\/strong><\/p>\n<\/th>\n<th style=\"text-align: left;\"><strong>Abmessungen au\u00dfen<\/strong><\/th>\n<th style=\"text-align: left;\"><strong>Ausf\u00fchrung<\/strong><\/th>\n<\/tr>\n<tr>\n<td>\n<p style=\"text-align: left;\">VR071-310-00G<\/p>\n<\/td>\n<td style=\"text-align: left;\">820x620x1800 mm<\/td>\n<td>\n<p style=\"text-align: left;\">mit Gelenk<\/p>\n<\/td>\n<\/tr>\n<tr>\n<td style=\"text-align: left;\">VR210-100-00G<\/td>\n<td style=\"text-align: left;\">860x660x1800 mm<\/td>\n<td>\n<p style=\"text-align: left;\">mit Gelenk<\/p>\n<\/td>\n<\/tr>\n<\/tbody>\n<\/table>\n<p>&nbsp;<\/p>\n<p>&nbsp;<\/p>\n","protected":false},"featured_media":672,"template":"","meta":{"_seopress_robots_primary_cat":"","_seopress_titles_title":"","_seopress_titles_desc":"","_seopress_robots_index":""},"product_brand":[],"product_cat":[220],"product_tag":[],"class_list":{"0":"post-2020","1":"product","2":"type-product","3":"status-publish","4":"has-post-thumbnail","6":"product_cat-waeschewagen-de","8":"first","9":"instock","10":"shipping-taxable","11":"product-type-simple"},"_links":{"self":[{"href":"https:\/\/ontwerpenzotest.nl\/de\/wp-json\/wp\/v2\/product\/2020","targetHints":{"allow":["GET"]}}],"collection":[{"href":"https:\/\/ontwerpenzotest.nl\/de\/wp-json\/wp\/v2\/product"}],"about":[{"href":"https:\/\/ontwerpenzotest.nl\/de\/wp-json\/wp\/v2\/types\/product"}],"wp:featuredmedia":[{"embeddable":true,"href":"https:\/\/ontwerpenzotest.nl\/de\/wp-json\/wp\/v2\/media\/672"}],"wp:attachment":[{"href":"https:\/\/ontwerpenzotest.nl\/de\/wp-json\/wp\/v2\/media?parent=2020"}],"wp:term":[{"taxonomy":"product_brand","embeddable":true,"href":"https:\/\/ontwerpenzotest.nl\/de\/wp-json\/wp\/v2\/product_brand?post=2020"},{"taxonomy":"product_cat","embeddable":true,"href":"https:\/\/ontwerpenzotest.nl\/de\/wp-json\/wp\/v2\/product_cat?post=2020"},{"taxonomy":"product_tag","embeddable":true,"href":"https:\/\/ontwerpenzotest.nl\/de\/wp-json\/wp\/v2\/product_tag?post=2020"}],"curies":[{"name":"wp","href":"https:\/\/api.w.org\/{rel}","templated":true}]}}