{"id":2021,"date":"2016-09-22T10:31:53","date_gmt":"2016-09-22T09:31:53","guid":{"rendered":"https:\/\/ontwerpenzotest.nl\/de\/?post_type=product&#038;p=2021"},"modified":"2016-09-22T10:31:53","modified_gmt":"2016-09-22T09:31:53","slug":"waeschecontainer-typ-star","status":"publish","type":"product","link":"https:\/\/ontwerpenzotest.nl\/de\/product\/waeschecontainer-typ-star\/","title":{"rendered":"W\u00e4schecontainer Typ \u201eSTAR\u201c"},"content":{"rendered":"","protected":false},"excerpt":{"rendered":"<p>Die W\u00e4schecontainer werden aus rechteckigen Rohren 20&#215;20 mm und mit Schraubverbindungen zusammengesetzt. Diese Kombination ergibt eine sehr stabile Konstruktion, wodurch eine lange Lebensdauer gew\u00e4hrt ist. Die Container sind beinahe ger\u00e4uschlos transportierbar. Die Container sind mit oder ohne des von VTS B.B. patentierten Gelenksystems lieferbar, wodurch die obere Ebene sowohl nach vorne als auch nach hinten verstellt werden kann.<\/p>\n<p>Lieferbar in verschiedenen Standardma\u00dfen und mit verschiedenen Optionen ausf\u00fchrbar. Standardm\u00e4\u00dfig lieferbar mit hochwertigen Rollen. 2 Bock- und 2 Lenkrollen, Durchmesser 125 mm, grau Gummi, ausgestattet mit Kugellager und Gewindekappe. <\/p>\n<p>Die Nachbehandlung der Container ist sehr hochwertig. Sie sind galvanisch verzinkt und dar\u00fcber hinaus mit einer zus\u00e4tzlichen Beschichtung versehen, wodurch sie noch korrosionsbest\u00e4ndiger sind. <\/p>\n<p>Wir k\u00f6nnen die Container nach Ihren gew\u00fcnschten Spezifikationen produzieren.<br \/>\nStandardm\u00e4\u00dfig lieferbar in untenstehenden Ausf\u00fchrungen:<\/p>\n<table style=\"height: 227px;\" width=\"800\">\n<tbody>\n<tr>\n<th style=\"text-align: left;\">Art.-Nr.<\/th>\n<th style=\"text-align: left;\">Abmessungen au\u00dfen<\/th>\n<th style=\"text-align: left;\">Ausf\u00fchrung<\/th>\n<\/tr>\n<tr>\n<td>VR116-100-OOG<\/td>\n<td>680x500x1680 mm<\/td>\n<td>mit Gelenk<\/td>\n<\/tr>\n<tr>\n<td>VR119-100-OOG<\/td>\n<td>820x620x1680 mm<\/td>\n<td>mit Gelenk<\/td>\n<\/tr>\n<tr>\n<td>VR118-100-OOG<\/td>\n<td>820x620x1780 mm<\/td>\n<td>ohne Gelenk<\/td>\n<\/tr>\n<tr>\n<td>VR117-100-OOG<\/td>\n<td>830x600x1790 mm<\/td>\n<td>mit Gelenk<\/td>\n<\/tr>\n<tr>\n<td>VR000-500-OOG<\/td>\n<td>860x660x1800 mm<\/td>\n<td>mit Gelenk<\/td>\n<\/tr>\n<tr>\n<td>VR000-501-OOG<\/td>\n<td>860x660x1700 mm<\/td>\n<td>mit Gelenk<\/td>\n<\/tr>\n<tr>\n<td>VR000-600-OOG<\/td>\n<td>860x660x1700 mm<\/td>\n<td>ohne Gelenk<\/td>\n<\/tr>\n<tr>\n<td>VR000-650-OOG<\/td>\n<td>860x660x1800 mm<\/td>\n<td>ohne Gelenk<\/td>\n<\/tr>\n<\/tbody>\n<\/table>\n","protected":false},"featured_media":1851,"template":"","meta":{"_seopress_robots_primary_cat":"","_seopress_titles_title":"","_seopress_titles_desc":"","_seopress_robots_index":""},"product_brand":[],"product_cat":[220],"product_tag":[],"class_list":{"0":"post-2021","1":"product","2":"type-product","3":"status-publish","4":"has-post-thumbnail","6":"product_cat-waeschewagen-de","8":"first","9":"instock","10":"shipping-taxable","11":"product-type-simple"},"_links":{"self":[{"href":"https:\/\/ontwerpenzotest.nl\/de\/wp-json\/wp\/v2\/product\/2021","targetHints":{"allow":["GET"]}}],"collection":[{"href":"https:\/\/ontwerpenzotest.nl\/de\/wp-json\/wp\/v2\/product"}],"about":[{"href":"https:\/\/ontwerpenzotest.nl\/de\/wp-json\/wp\/v2\/types\/product"}],"wp:featuredmedia":[{"embeddable":true,"href":"https:\/\/ontwerpenzotest.nl\/de\/wp-json\/wp\/v2\/media\/1851"}],"wp:attachment":[{"href":"https:\/\/ontwerpenzotest.nl\/de\/wp-json\/wp\/v2\/media?parent=2021"}],"wp:term":[{"taxonomy":"product_brand","embeddable":true,"href":"https:\/\/ontwerpenzotest.nl\/de\/wp-json\/wp\/v2\/product_brand?post=2021"},{"taxonomy":"product_cat","embeddable":true,"href":"https:\/\/ontwerpenzotest.nl\/de\/wp-json\/wp\/v2\/product_cat?post=2021"},{"taxonomy":"product_tag","embeddable":true,"href":"https:\/\/ontwerpenzotest.nl\/de\/wp-json\/wp\/v2\/product_tag?post=2021"}],"curies":[{"name":"wp","href":"https:\/\/api.w.org\/{rel}","templated":true}]}}